{"id":2450,"date":"2019-09-25T00:07:07","date_gmt":"2019-09-24T22:07:07","guid":{"rendered":"http:\/\/s793858876.online.de\/?page_id=2450"},"modified":"2019-10-06T13:40:56","modified_gmt":"2019-10-06T11:40:56","slug":"schichtpruefungen-qs","status":"publish","type":"page","link":"https:\/\/nova-coating.de\/zh\/dienstleistungen\/schichtpruefungen-qs","title":{"rendered":"\u6d82\u5c42\u68c0\u9a8c\u4e0e\u8d28\u91cf\u63a7\u5236"},"content":{"rendered":"<div class=\"wpb-content-wrapper\"><div class=\"vc_row wpb_row vc_row-fluid vc_custom_1491748274178 vc_row-o-equal-height vc_row-o-content-middle vc_row-flex\"><div class=\"wpb_column vc_column_container vc_col-sm-12 vc_col-lg-offset-2 vc_col-lg-8 vc_col-md-offset-1 vc_col-md-10\"><div class=\"vc_column-inner\"><div class=\"wpb_wrapper\"><div id=\"ultimate-heading-182469e8a44b26fbd\" class=\"uvc-heading ult-adjust-bottom-margin ultimate-heading-182469e8a44b26fbd uvc-2962 accent-border-color\" data-hspacer=\"line_only\"  data-halign=\"center\" style=\"text-align:center\"><div class=\"uvc-main-heading ult-responsive\"  data-ultimate-target='.uvc-heading.ultimate-heading-182469e8a44b26fbd h2'  data-responsive-json-new='{\"font-size\":\"desktop:44px;tablet_portrait:30px;\",\"line-height\":\"desktop:54px;tablet_portrait:40px;\"}' ><h2 style=\"font-weight:bold;margin-bottom:10px;\">\u6d82\u5c42\u68c0\u6d4b\u4e0e\u8d28\u91cf\u4fdd\u8bc1<\/h2><\/div><div class=\"uvc-heading-spacer line_only\" style=\"margin-bottom:40px;height:5px;\"><span class=\"uvc-headings-line\" style=\"border-style:solid;border-bottom-width:5px;border-color:;width:120px;\"><\/span><\/div><\/div><\/div><\/div><\/div><div class=\"wpb_column vc_column_container vc_col-sm-12\"><div class=\"vc_column-inner\"><div class=\"wpb_wrapper\"><div class=\"vc_row wpb_row vc_inner vc_row-fluid vc_row-o-equal-height vc_row-o-content-middle vc_row-flex\"><div class=\"wpb_column vc_column_container vc_col-sm-6\"><div class=\"vc_column-inner vc_custom_1491746388981\"><div class=\"wpb_wrapper\"><style type=\"text\/css\" data-type=\"the7_shortcodes-inline-css\">.shortcode-single-image-wrap.shortcode-single-image-183eefc6cb739b0e4fd1231ee5c2e56c.enable-bg-rollover .rollover i,\n.shortcode-single-image-wrap.shortcode-single-image-183eefc6cb739b0e4fd1231ee5c2e56c.enable-bg-rollover .rollover-video i {\n  background: ;\n  background: -webkit-linear-gradient();\n  background: linear-gradient();\n}\n.shortcode-single-image-wrap.shortcode-single-image-183eefc6cb739b0e4fd1231ee5c2e56c .rollover-icon {\n  font-size: 32px;\n  color: #ffffff;\n  min-width: 44px;\n  min-height: 44px;\n  line-height: 44px;\n  border-radius: 100px;\n  border-style: solid;\n  border-width: 0px;\n}\n.dt-icon-bg-on.shortcode-single-image-wrap.shortcode-single-image-183eefc6cb739b0e4fd1231ee5c2e56c .rollover-icon {\n  background: rgba(255,255,255,0.3);\n  box-shadow: none;\n}\n<\/style><div class=\"shortcode-single-image-wrap shortcode-single-image-183eefc6cb739b0e4fd1231ee5c2e56c alignnone  enable-bg-rollover dt-icon-bg-off\" style=\"margin-top:0px; margin-bottom:0px; margin-left:0px; margin-right:0px; width:1000px;\"><div class=\"shortcode-single-image\"><div class=\"fancy-media-wrap  layzr-bg\" style=\"\"><img fetchpriority=\"high\" decoding=\"async\" class=\"preload-me lazy-load aspect\" src=\"data:image\/svg+xml,%3Csvg%20xmlns%3D&#39;http%3A%2F%2Fwww.w3.org%2F2000%2Fsvg&#39;%20viewBox%3D&#39;0%200%201000%20700&#39;%2F%3E\" data-src=\"https:\/\/nova-coating.de\/wp-content\/uploads\/2019\/10\/Mikroskop-1000x700.jpg\" data-srcset=\"https:\/\/nova-coating.de\/wp-content\/uploads\/2019\/10\/Mikroskop-1000x700.jpg 1000w, https:\/\/nova-coating.de\/wp-content\/uploads\/2019\/10\/Mikroskop-1222x856.jpg 1222w\" loading=\"eager\" sizes=\"(max-width: 1000px) 100vw, 1000px\" width=\"1000\" height=\"700\"  data-dt-location=\"https:\/\/nova-coating.de\/zh\/dienstleistungen\/schichtpruefungen-qs\/mikroskop\" style=\"--ratio: 1000 \/ 700;\" alt=\"\" \/><\/div><\/div><\/div><\/div><\/div><\/div><div class=\"wpb_column vc_column_container vc_col-sm-6\"><div class=\"vc_column-inner vc_custom_1491746397816\"><div class=\"wpb_wrapper\">\n\t<div class=\"wpb_text_column wpb_content_element  vc_custom_1570358247395\" >\n\t\t<div class=\"wpb_wrapper\">\n\t\t\t<p><span data-contrast=\"auto\">\u6211\u4eec\u5f53\u7136\u62e5\u6709\u591a\u79cd\u5206\u6790\u548c\u6d4b\u8bd5\u6280\u672f\uff0c\u4ee5\u786e\u4fdd\u6c89\u79ef\u6d82\u5c42\u548c\u6750\u6599\u7279\u6027\u7684\u8d28\u91cf\u3002<\/span><span data-ccp-props=\"{&quot;201341983&quot;:0,&quot;335559739&quot;:160,&quot;335559740&quot;:259}\">\u00a0<\/span><\/p>\n<p>&nbsp;<\/p>\n<p><strong>\u673a\u68b0\u6280\u672f\u6d4b\u8bd5\uff1a\u00a0<\/strong><\/p>\n<ul>\n<li><span data-contrast=\"auto\">\u6d1b\u6c0f\u786c\u5ea6\u6d4b\u91cf<\/span><span data-ccp-props=\"{&quot;201341983&quot;:0,&quot;335559739&quot;:160,&quot;335559740&quot;:259}\">\u00a0<\/span><\/li>\n<li><span data-contrast=\"auto\">\u6d82\u5c42\u539a\u5ea6\u6d4b\u5b9a\u65b9\u6cd5\u00a0<\/span><span data-contrast=\"auto\">\u7403\u9762\u78e8\u524a\u6cd5<\/span><span data-ccp-props=\"{&quot;201341983&quot;:0,&quot;335559739&quot;:160,&quot;335559740&quot;:259}\">\u00a0<\/span><\/li>\n<li><span data-contrast=\"auto\">\u901a\u8fc7\u6d1b\u6c0f\u538b\u75d5\u6d4b\u8bd5\u8fdb\u884c\u9644\u7740\u529b\u6d4b\u8bd5<\/span><span data-ccp-props=\"{&quot;201341983&quot;:0,&quot;335559739&quot;:160,&quot;335559740&quot;:259}\">\u00a0<\/span><\/li>\n<li><span data-contrast=\"auto\">\u7f16\u5236\u6d4b\u8bd5\u62a5\u544a\u548c\u6587\u6863<\/span><span data-ccp-props=\"{&quot;201341983&quot;:0,&quot;335559739&quot;:160,&quot;335559740&quot;:259}\"><br \/>\n<\/span><\/li>\n<li><span data-contrast=\"auto\">\u901a\u8fc7\u663e\u5fae\u955c\u7b49\u8fdb\u884c\u6545\u969c\u5206\u6790<br \/>\n<\/span><\/li>\n<\/ul>\n\n\t\t<\/div>\n\t<\/div>\n<\/div><\/div><\/div><\/div><\/div><\/div><\/div><\/div><div class=\"vc_row wpb_row vc_row-fluid vc_custom_1529516508136 vc_row-o-equal-height vc_row-o-content-middle vc_row-flex\"><div class=\"wpb_column vc_column_container vc_col-sm-12\"><div class=\"vc_column-inner\"><div class=\"wpb_wrapper\"><div class=\"vc_row wpb_row vc_inner vc_row-fluid vc_row-o-equal-height vc_row-o-content-middle vc_row-flex\"><div class=\"wpb_column vc_column_container vc_col-sm-6\"><div class=\"vc_column-inner vc_custom_1491746388981\"><div class=\"wpb_wrapper\"><style type=\"text\/css\" data-type=\"the7_shortcodes-inline-css\">.shortcode-single-image-wrap.shortcode-single-image-0325352ef1a96cc471285be7144a2703.enable-bg-rollover .rollover i,\n.shortcode-single-image-wrap.shortcode-single-image-0325352ef1a96cc471285be7144a2703.enable-bg-rollover .rollover-video i {\n  background: ;\n  background: -webkit-linear-gradient();\n  background: linear-gradient();\n}\n.shortcode-single-image-wrap.shortcode-single-image-0325352ef1a96cc471285be7144a2703 .rollover-icon {\n  font-size: 32px;\n  color: #ffffff;\n  min-width: 44px;\n  min-height: 44px;\n  line-height: 44px;\n  border-radius: 100px;\n  border-style: solid;\n  border-width: 0px;\n}\n.dt-icon-bg-on.shortcode-single-image-wrap.shortcode-single-image-0325352ef1a96cc471285be7144a2703 .rollover-icon {\n  background: rgba(255,255,255,0.3);\n  box-shadow: none;\n}\n<\/style><div class=\"shortcode-single-image-wrap shortcode-single-image-0325352ef1a96cc471285be7144a2703 alignnone  enable-bg-rollover dt-icon-bg-off\" style=\"margin-top:0px; margin-bottom:0px; margin-left:0px; margin-right:0px; width:1000px;\"><div class=\"shortcode-single-image\"><div class=\"fancy-media-wrap\" style=\"\"><a href=\"http:\/\/s793858876.online.de\/kontakt\" class=\"layzr-bg rollover\" style=\"\" aria-label=\"Image\"><img decoding=\"async\" class=\"preload-me lazy-load aspect\" src=\"data:image\/svg+xml,%3Csvg%20xmlns%3D&#39;http%3A%2F%2Fwww.w3.org%2F2000%2Fsvg&#39;%20viewBox%3D&#39;0%200%20667%20467&#39;%2F%3E\" data-src=\"https:\/\/nova-coating.de\/wp-content\/uploads\/2019\/10\/Kontakt-Nova-667x467.png\" data-srcset=\"https:\/\/nova-coating.de\/wp-content\/uploads\/2019\/10\/Kontakt-Nova-667x467.png 667w\" loading=\"eager\" style=\"--ratio: 667 \/ 467\" sizes=\"(max-width: 667px) 100vw, 667px\" width=\"667\" height=\"467\"  data-dt-location=\"https:\/\/nova-coating.de\/zh\/dienstleistungen\/pvd-beschichtung\/kontakt-nova\" alt=\"\" \/><\/a><\/div><\/div><\/div><\/div><\/div><\/div><div class=\"wpb_column vc_column_container vc_col-sm-6\"><div class=\"vc_column-inner vc_custom_1491746397816\"><div class=\"wpb_wrapper\"><\/div><\/div><\/div><\/div><\/div><\/div><\/div><\/div><!-- Row Backgrounds --><div class=\"upb_color\" data-bg-override=\"ex-full\" data-bg-color=\"rgba(170,170,170,0.1)\" data-fadeout=\"\" data-fadeout-percentage=\"30\" data-parallax-content=\"\" data-parallax-content-sense=\"30\" data-row-effect-mobile-disable=\"true\" data-img-parallax-mobile-disable=\"true\" data-rtl=\"false\"  data-custom-vc-row=\"\"  data-vc=\"8.6.1\"  data-is_old_vc=\"\"  data-theme-support=\"\"   data-overlay=\"false\" data-overlay-color=\"\" data-overlay-pattern=\"\" data-overlay-pattern-opacity=\"\" data-overlay-pattern-size=\"\"    ><\/div>\n<\/div>","protected":false},"excerpt":{"rendered":"<p>Schichtpr\u00fcfung und Qualit\u00e4tssicherung Selbstverst\u00e4ndlich verf\u00fcgen wir \u00fcber diverse Analyse- und Pr\u00fcftechniken um die abgeschiedenen Schichten und Werkstoffeigenschaften qualit\u00e4tssichernd zu erfassen.\u00a0 &nbsp; Mechanisch-technologische Pr\u00fcfungen:\u00a0 H\u00e4rtemessung nach Rockwell\u00a0 Schichtdickenbestimmung mittels\u00a0Kalottenschliffverfahren\u00a0 Haftungspr\u00fcfung mit dem Rockwelleindruck Test\u00a0 Erstellung von Pr\u00fcfprotokollen und Dokumentationen Fehleranalyse mittels Mikroskop, etc.<\/p>","protected":false},"author":1,"featured_media":0,"parent":47,"menu_order":10,"comment_status":"closed","ping_status":"closed","template":"","meta":{"footnotes":""},"class_list":["post-2450","page","type-page","status-publish","hentry","description-off"],"_links":{"self":[{"href":"https:\/\/nova-coating.de\/zh\/wp-json\/wp\/v2\/pages\/2450","targetHints":{"allow":["GET"]}}],"collection":[{"href":"https:\/\/nova-coating.de\/zh\/wp-json\/wp\/v2\/pages"}],"about":[{"href":"https:\/\/nova-coating.de\/zh\/wp-json\/wp\/v2\/types\/page"}],"author":[{"embeddable":true,"href":"https:\/\/nova-coating.de\/zh\/wp-json\/wp\/v2\/users\/1"}],"replies":[{"embeddable":true,"href":"https:\/\/nova-coating.de\/zh\/wp-json\/wp\/v2\/comments?post=2450"}],"version-history":[{"count":9,"href":"https:\/\/nova-coating.de\/zh\/wp-json\/wp\/v2\/pages\/2450\/revisions"}],"predecessor-version":[{"id":3600,"href":"https:\/\/nova-coating.de\/zh\/wp-json\/wp\/v2\/pages\/2450\/revisions\/3600"}],"up":[{"embeddable":true,"href":"https:\/\/nova-coating.de\/zh\/wp-json\/wp\/v2\/pages\/47"}],"wp:attachment":[{"href":"https:\/\/nova-coating.de\/zh\/wp-json\/wp\/v2\/media?parent=2450"}],"curies":[{"name":"wp","href":"https:\/\/api.w.org\/{rel}","templated":true}]}}