{"id":2449,"date":"2019-09-25T00:07:03","date_gmt":"2019-09-24T22:07:03","guid":{"rendered":"http:\/\/s793858876.online.de\/?page_id=2449"},"modified":"2019-10-06T14:58:07","modified_gmt":"2019-10-06T12:58:07","slug":"plasmanitrieren","status":"publish","type":"page","link":"https:\/\/nova-coating.de\/zh\/dienstleistungen\/plasmanitrieren","title":{"rendered":"\u7b49\u79bb\u5b50\u6c2e\u5316"},"content":{"rendered":"<div class=\"wpb-content-wrapper\"><div class=\"vc_row wpb_row vc_row-fluid vc_custom_1491748274178 vc_row-o-equal-height vc_row-o-content-middle vc_row-flex\"><div class=\"wpb_column vc_column_container vc_col-sm-12 vc_col-lg-offset-2 vc_col-lg-8 vc_col-md-offset-1 vc_col-md-10\"><div class=\"vc_column-inner\"><div class=\"wpb_wrapper\"><div id=\"ultimate-heading-739869e8a42855afd\" class=\"uvc-heading ult-adjust-bottom-margin ultimate-heading-739869e8a42855afd uvc-1799 accent-border-color\" data-hspacer=\"line_only\"  data-halign=\"center\" style=\"text-align:center\"><div class=\"uvc-main-heading ult-responsive\"  data-ultimate-target='.uvc-heading.ultimate-heading-739869e8a42855afd h2'  data-responsive-json-new='{\"font-size\":\"desktop:44px;tablet_portrait:30px;\",\"line-height\":\"desktop:54px;tablet_portrait:40px;\"}' ><h2 style=\"font-weight:bold;margin-bottom:10px;\">\u7b49\u79bb\u5b50\u6c2e\u5316<\/h2><\/div><div class=\"uvc-heading-spacer line_only\" style=\"margin-bottom:40px;height:5px;\"><span class=\"uvc-headings-line\" style=\"border-style:solid;border-bottom-width:5px;border-color:;width:120px;\"><\/span><\/div><\/div><\/div><\/div><\/div><div class=\"wpb_column vc_column_container vc_col-sm-12\"><div class=\"vc_column-inner\"><div class=\"wpb_wrapper\"><div class=\"vc_row wpb_row vc_inner vc_row-fluid vc_row-o-equal-height vc_row-o-content-top vc_row-flex\"><div class=\"wpb_column vc_column_container vc_col-sm-6\"><div class=\"vc_column-inner vc_custom_1491746388981\"><div class=\"wpb_wrapper\"><style type=\"text\/css\" data-type=\"the7_shortcodes-inline-css\">.shortcode-single-image-wrap.shortcode-single-image-9d4435ad83f624c83f530586178d796e.enable-bg-rollover .rollover i,\n.shortcode-single-image-wrap.shortcode-single-image-9d4435ad83f624c83f530586178d796e.enable-bg-rollover .rollover-video i {\n  background: ;\n  background: -webkit-linear-gradient();\n  background: linear-gradient();\n}\n.shortcode-single-image-wrap.shortcode-single-image-9d4435ad83f624c83f530586178d796e .rollover-icon {\n  font-size: 32px;\n  color: #ffffff;\n  min-width: 44px;\n  min-height: 44px;\n  line-height: 44px;\n  border-radius: 100px;\n  border-style: solid;\n  border-width: 0px;\n}\n.dt-icon-bg-on.shortcode-single-image-wrap.shortcode-single-image-9d4435ad83f624c83f530586178d796e .rollover-icon {\n  background: rgba(255,255,255,0.3);\n  box-shadow: none;\n}\n<\/style><div class=\"shortcode-single-image-wrap shortcode-single-image-9d4435ad83f624c83f530586178d796e alignnone  enable-bg-rollover dt-icon-bg-off\" style=\"margin-top:0px; margin-bottom:0px; margin-left:0px; margin-right:0px; width:1280px;\"><div class=\"shortcode-single-image\"><div class=\"fancy-media-wrap  layzr-bg\" style=\"\"><img fetchpriority=\"high\" decoding=\"async\" class=\"preload-me lazy-load aspect\" src=\"data:image\/svg+xml,%3Csvg%20xmlns%3D&#39;http%3A%2F%2Fwww.w3.org%2F2000%2Fsvg&#39;%20viewBox%3D&#39;0%200%201280%20853&#39;%2F%3E\" data-src=\"https:\/\/nova-coating.de\/wp-content\/uploads\/2019\/10\/plasma-933193_1280.jpg\" data-srcset=\"https:\/\/nova-coating.de\/wp-content\/uploads\/2019\/10\/plasma-933193_1280.jpg 1280w\" loading=\"eager\" sizes=\"(max-width: 1280px) 100vw, 1280px\" width=\"1280\" height=\"853\"  data-dt-location=\"https:\/\/nova-coating.de\/zh\/dienstleistungen\/plasmanitrieren\/plasma-933193_1280\" style=\"--ratio: 1280 \/ 853;\" alt=\"\" \/><\/div><\/div><\/div><\/div><\/div><\/div><div class=\"wpb_column vc_column_container vc_col-sm-6\"><div class=\"vc_column-inner vc_custom_1570366708566\"><div class=\"wpb_wrapper\">\n\t<div class=\"wpb_text_column wpb_content_element  vc_custom_1570303761182\" >\n\t\t<div class=\"wpb_wrapper\">\n\t\t\t<p><span data-contrast=\"auto\">\u901a\u8fc7\u6211\u4eec\u7684\u6280\u672f\u7f51\u7edc\uff0c\u6211\u4eec\u8fd8\u53ef\u4ee5\u4e3a\u60a8\u63d0\u4f9b\u7b49\u79bb\u5b50\u6c2e\u5316\u670d\u52a1\u3002<\/span><\/p>\n<p class=\"translation-block\">\u7b49\u79bb\u5b50\u6c2e\u5316\u662f\u6700\u73af\u4fdd\u7684\u8868\u9762\u786c\u5316\u5de5\u827a\u4e4b\u4e00\uff0c\u56e0\u4e3a\u5b83\u4e0d\u4f7f\u7528\u6709\u6bd2\u6c14\u4f53\u3002<\/p>\n<p class=\"translation-block\">\u4e00\u79cd\u542b\u6709\u6c22\u548c\u6c2e\u7684\u6c14\u4f53\u6df7\u5408\u7269\u5728\u4f4e\u538b\u4e0b\u6d41\u5165\u7089\u819b\uff0c\u901a\u8fc7\u65bd\u52a0\u7535\u538b\u88ab\u7535\u79bb\uff08\u8f89\u5149\u653e\u7535\uff09\u3002\u7535\u79bb\u7684\u6c14\u4f53\u79f0\u4e3a\u7b49\u79bb\u5b50\u4f53\u3002\u8f89\u5149\u653e\u7535\u4ea7\u751f\u7684\u79bb\u5b50\u88ab\u52a0\u901f\u5230\u5de5\u4ef6\u8868\u9762\uff0c\u5c06\u6eb6\u89e3\u7684\u6c2e\u6c89\u79ef\u5728\u8868\u9762\uff0c\u5e76\u5f62\u6210\u91d1\u5c5e\u6c2e\u5316\u7269\uff0c\u4ece\u800c\u63d0\u9ad8\u8868\u9762\u786c\u5ea6\u3002<\/p>\n<p><span data-contrast=\"auto\">\u76f8\u5bf9\u8f83\u4f4e\u7684\u5904\u7406\u6e29\u5ea6\u4fdd\u8bc1\u4e86\u8f83\u5c0f\u7684\u53d8\u5f62\u3002<\/span><span data-ccp-props=\"{&quot;201341983&quot;:0,&quot;335559739&quot;:160,&quot;335559740&quot;:259}\">\u00a0<\/span><\/p>\n<p class=\"translation-block\">\u7b49\u79bb\u5b50\u6c2e\u5316\u80fd\u591f\u5c06\u8fde\u63a5\u5c42\u7684\u5f62\u6210\u964d\u81f3\u6700\u4f4e\uff0c\u4f7f\u5f97\u7ecf\u8fc7\u8f7b\u5fae\u540e\u5904\u7406\u7684\u7b49\u79bb\u5b50\u6c2e\u5316\u8868\u9762\u6210\u4e3a\u7406\u60f3\u7684PVD\u6d82\u5c42\u57fa\u6750\u3002<\/p>\n\n\t\t<\/div>\n\t<\/div>\n<\/div><\/div><\/div><\/div><\/div><\/div><\/div><\/div><div class=\"vc_row wpb_row vc_row-fluid vc_custom_1529516508136 vc_row-o-equal-height vc_row-o-content-middle vc_row-flex\"><div class=\"wpb_column vc_column_container vc_col-sm-12\"><div class=\"vc_column-inner\"><div class=\"wpb_wrapper\"><div class=\"vc_row wpb_row vc_inner vc_row-fluid vc_row-o-equal-height vc_row-o-content-middle vc_row-flex\"><div class=\"wpb_column vc_column_container vc_col-sm-6\"><div class=\"vc_column-inner vc_custom_1491746388981\"><div class=\"wpb_wrapper\"><style type=\"text\/css\" data-type=\"the7_shortcodes-inline-css\">.shortcode-single-image-wrap.shortcode-single-image-0325352ef1a96cc471285be7144a2703.enable-bg-rollover .rollover i,\n.shortcode-single-image-wrap.shortcode-single-image-0325352ef1a96cc471285be7144a2703.enable-bg-rollover .rollover-video i {\n  background: ;\n  background: -webkit-linear-gradient();\n  background: linear-gradient();\n}\n.shortcode-single-image-wrap.shortcode-single-image-0325352ef1a96cc471285be7144a2703 .rollover-icon {\n  font-size: 32px;\n  color: #ffffff;\n  min-width: 44px;\n  min-height: 44px;\n  line-height: 44px;\n  border-radius: 100px;\n  border-style: solid;\n  border-width: 0px;\n}\n.dt-icon-bg-on.shortcode-single-image-wrap.shortcode-single-image-0325352ef1a96cc471285be7144a2703 .rollover-icon {\n  background: rgba(255,255,255,0.3);\n  box-shadow: none;\n}\n<\/style><div class=\"shortcode-single-image-wrap shortcode-single-image-0325352ef1a96cc471285be7144a2703 alignnone  enable-bg-rollover dt-icon-bg-off\" style=\"margin-top:0px; margin-bottom:0px; margin-left:0px; margin-right:0px; width:1000px;\"><div class=\"shortcode-single-image\"><div class=\"fancy-media-wrap\" style=\"\"><a href=\"http:\/\/s793858876.online.de\/kontakt\" class=\"layzr-bg rollover\" style=\"\" aria-label=\"Image\"><img decoding=\"async\" class=\"preload-me lazy-load aspect\" src=\"data:image\/svg+xml,%3Csvg%20xmlns%3D&#39;http%3A%2F%2Fwww.w3.org%2F2000%2Fsvg&#39;%20viewBox%3D&#39;0%200%20667%20467&#39;%2F%3E\" data-src=\"https:\/\/nova-coating.de\/wp-content\/uploads\/2019\/10\/Kontakt-Nova-667x467.png\" data-srcset=\"https:\/\/nova-coating.de\/wp-content\/uploads\/2019\/10\/Kontakt-Nova-667x467.png 667w\" loading=\"eager\" style=\"--ratio: 667 \/ 467\" sizes=\"(max-width: 667px) 100vw, 667px\" width=\"667\" height=\"467\"  data-dt-location=\"https:\/\/nova-coating.de\/zh\/dienstleistungen\/pvd-beschichtung\/kontakt-nova\" alt=\"\" \/><\/a><\/div><\/div><\/div><\/div><\/div><\/div><div class=\"wpb_column vc_column_container vc_col-sm-6\"><div class=\"vc_column-inner vc_custom_1491746397816\"><div class=\"wpb_wrapper\"><\/div><\/div><\/div><\/div><\/div><\/div><\/div><\/div><!-- Row Backgrounds --><div class=\"upb_color\" data-bg-override=\"ex-full\" data-bg-color=\"rgba(170,170,170,0.1)\" data-fadeout=\"\" data-fadeout-percentage=\"30\" data-parallax-content=\"\" data-parallax-content-sense=\"30\" data-row-effect-mobile-disable=\"true\" data-img-parallax-mobile-disable=\"true\" data-rtl=\"false\"  data-custom-vc-row=\"\"  data-vc=\"8.6.1\"  data-is_old_vc=\"\"  data-theme-support=\"\"   data-overlay=\"false\" data-overlay-color=\"\" data-overlay-pattern=\"\" data-overlay-pattern-opacity=\"\" data-overlay-pattern-size=\"\"    ><\/div>\n<\/div>","protected":false},"excerpt":{"rendered":"<p>Plasmanitrieren \u00dcber unser Technologienetzwerk k\u00f6nnen wir Ihnen auch das Plasmanitrieren anbieten. Das Plasmanitrieren z\u00e4hlt zu den umweltfreundlichsten\u00a0Randschichth\u00e4rteverfahren ,\u00a0da keine giftigen Gase verwendet werden.\u00a0 Ein wasserstoff- und stickstoffhaltiges Gasgemisch str\u00f6mt bei geringem Druck in den Ofenraum und wird durch das Anlegen einer Spannung ionisiert\u00a0(Glimmentladung). Ein ionisiertes Gas bezeichnet man als Plasma. Die durch die Glimmentladung erzeugten&hellip;<\/p>","protected":false},"author":1,"featured_media":0,"parent":47,"menu_order":9,"comment_status":"closed","ping_status":"closed","template":"","meta":{"footnotes":""},"class_list":["post-2449","page","type-page","status-publish","hentry","description-off"],"_links":{"self":[{"href":"https:\/\/nova-coating.de\/zh\/wp-json\/wp\/v2\/pages\/2449","targetHints":{"allow":["GET"]}}],"collection":[{"href":"https:\/\/nova-coating.de\/zh\/wp-json\/wp\/v2\/pages"}],"about":[{"href":"https:\/\/nova-coating.de\/zh\/wp-json\/wp\/v2\/types\/page"}],"author":[{"embeddable":true,"href":"https:\/\/nova-coating.de\/zh\/wp-json\/wp\/v2\/users\/1"}],"replies":[{"embeddable":true,"href":"https:\/\/nova-coating.de\/zh\/wp-json\/wp\/v2\/comments?post=2449"}],"version-history":[{"count":10,"href":"https:\/\/nova-coating.de\/zh\/wp-json\/wp\/v2\/pages\/2449\/revisions"}],"predecessor-version":[{"id":2771,"href":"https:\/\/nova-coating.de\/zh\/wp-json\/wp\/v2\/pages\/2449\/revisions\/2771"}],"up":[{"embeddable":true,"href":"https:\/\/nova-coating.de\/zh\/wp-json\/wp\/v2\/pages\/47"}],"wp:attachment":[{"href":"https:\/\/nova-coating.de\/zh\/wp-json\/wp\/v2\/media?parent=2449"}],"curies":[{"name":"wp","href":"https:\/\/api.w.org\/{rel}","templated":true}]}}