{"id":2448,"date":"2019-09-25T00:06:59","date_gmt":"2019-09-24T22:06:59","guid":{"rendered":"http:\/\/s793858876.online.de\/?page_id=2448"},"modified":"2019-10-06T13:57:37","modified_gmt":"2019-10-06T11:57:37","slug":"waermebehandlung","status":"publish","type":"page","link":"https:\/\/nova-coating.de\/zh\/dienstleistungen\/waermebehandlung","title":{"rendered":"\u70ed\u5904\u7406"},"content":{"rendered":"<div class=\"wpb-content-wrapper\"><div class=\"vc_row wpb_row vc_row-fluid vc_custom_1491748274178 vc_row-o-equal-height vc_row-o-content-middle vc_row-flex\"><div class=\"wpb_column vc_column_container vc_col-sm-12 vc_col-lg-offset-2 vc_col-lg-8 vc_col-md-offset-1 vc_col-md-10\"><div class=\"vc_column-inner\"><div class=\"wpb_wrapper\"><div id=\"ultimate-heading-808769e89865def1e\" class=\"uvc-heading ult-adjust-bottom-margin ultimate-heading-808769e89865def1e uvc-6459 accent-border-color\" data-hspacer=\"line_only\"  data-halign=\"center\" style=\"text-align:center\"><div class=\"uvc-main-heading ult-responsive\"  data-ultimate-target='.uvc-heading.ultimate-heading-808769e89865def1e h2'  data-responsive-json-new='{\"font-size\":\"desktop:44px;tablet_portrait:30px;\",\"line-height\":\"desktop:54px;tablet_portrait:40px;\"}' ><h2 style=\"font-weight:bold;margin-bottom:10px;\">\u771f\u7a7a\u70ed\u5904\u7406<\/h2><\/div><div class=\"uvc-heading-spacer line_only\" style=\"margin-bottom:40px;height:5px;\"><span class=\"uvc-headings-line\" style=\"border-style:solid;border-bottom-width:5px;border-color:;width:120px;\"><\/span><\/div><\/div><\/div><\/div><\/div><div class=\"wpb_column vc_column_container vc_col-sm-12\"><div class=\"vc_column-inner\"><div class=\"wpb_wrapper\"><div class=\"vc_row wpb_row vc_inner vc_row-fluid vc_row-o-equal-height vc_row-o-content-middle vc_row-flex\"><div class=\"wpb_column vc_column_container vc_col-sm-6\"><div class=\"vc_column-inner vc_custom_1491746388981\"><div class=\"wpb_wrapper\"><style type=\"text\/css\" data-type=\"the7_shortcodes-inline-css\">.shortcode-single-image-wrap.shortcode-single-image-866fbca24ea0f35497da45e07e379b5a.enable-bg-rollover .rollover i,\n.shortcode-single-image-wrap.shortcode-single-image-866fbca24ea0f35497da45e07e379b5a.enable-bg-rollover .rollover-video i {\n  background: ;\n  background: -webkit-linear-gradient();\n  background: linear-gradient();\n}\n.shortcode-single-image-wrap.shortcode-single-image-866fbca24ea0f35497da45e07e379b5a .rollover-icon {\n  font-size: 32px;\n  color: #ffffff;\n  min-width: 44px;\n  min-height: 44px;\n  line-height: 44px;\n  border-radius: 100px;\n  border-style: solid;\n  border-width: 0px;\n}\n.dt-icon-bg-on.shortcode-single-image-wrap.shortcode-single-image-866fbca24ea0f35497da45e07e379b5a .rollover-icon {\n  background: rgba(255,255,255,0.3);\n  box-shadow: none;\n}\n<\/style><div class=\"shortcode-single-image-wrap shortcode-single-image-866fbca24ea0f35497da45e07e379b5a alignnone  enable-bg-rollover dt-icon-bg-off\" style=\"margin-top:0px; margin-bottom:0px; margin-left:0px; margin-right:0px; width:1000px;\"><div class=\"shortcode-single-image\"><div class=\"fancy-media-wrap  layzr-bg\" style=\"\"><img fetchpriority=\"high\" decoding=\"async\" class=\"preload-me lazy-load aspect\" src=\"data:image\/svg+xml,%3Csvg%20xmlns%3D&#39;http%3A%2F%2Fwww.w3.org%2F2000%2Fsvg&#39;%20viewBox%3D&#39;0%200%20997%20698&#39;%2F%3E\" data-src=\"https:\/\/nova-coating.de\/wp-content\/uploads\/2019\/10\/fire-and-water-2354583_1280-997x698.jpg\" data-srcset=\"https:\/\/nova-coating.de\/wp-content\/uploads\/2019\/10\/fire-and-water-2354583_1280-997x698.jpg 997w\" loading=\"eager\" sizes=\"(max-width: 997px) 100vw, 997px\" width=\"997\" height=\"698\"  data-dt-location=\"https:\/\/nova-coating.de\/zh\/dienstleistungen\/waermebehandlung\/fire-and-water-2354583_1280\" style=\"--ratio: 997 \/ 698;\" alt=\"\" \/><\/div><\/div><\/div><\/div><\/div><\/div><div class=\"wpb_column vc_column_container vc_col-sm-6\"><div class=\"vc_column-inner vc_custom_1491746397816\"><div class=\"wpb_wrapper\">\n\t<div class=\"wpb_text_column wpb_content_element  vc_custom_1570303671129\" >\n\t\t<div class=\"wpb_wrapper\">\n\t\t\t<p><span data-contrast=\"auto\">\u901a\u8fc7\u6211\u4eec\u7684\u6280\u672f\u7f51\u7edc\uff0c\u6211\u4eec\u8fd8\u53ef\u4ee5\u4e3a\u60a8\u63d0\u4f9b\u5404\u79cd\u70ed\u5904\u7406\u5de5\u827a\u3002<\/span><\/p>\n<p class=\"translation-block\">\u7279\u6b8a\u7684\u771f\u7a7a\u70ed\u5904\u7406\u63d0\u4f9b\u9ad8\u8d28\u91cf\u7684\u4ea7\u54c1\uff0c\u5e76\u4e14\u662f\u73af\u4fdd\u7684\u70ed\u5904\u7406\u5de5\u827a\u4e4b\u4e00\u3002<\/p>\n<p><span data-contrast=\"auto\">\u5de5\u4ef6\u5728\u771f\u7a7a\u4e2d\u52a0\u70ed\u540e\uff0c\u518d\u501f\u52a9\u6c2e\u6c14\u8fc5\u901f\u51b7\u5374\u3002<\/span><span data-contrast=\"auto\">\u901a\u8fc7\u6709\u9488\u5bf9\u6027\u7684\u7ec4\u7ec7\u8f6c\u53d8\uff0c\u6839\u636e\u94a2\u6750\u5236\u9020\u5546\u7684\u8981\u6c42\uff0c\u8c03\u6574\u6240\u9700\u7684\u5fae\u89c2\u7ed3\u6784\u548c\u529f\u80fd\u786c\u5ea6\u3002<\/span><span data-ccp-props=\"{&quot;201341983&quot;:0,&quot;335559739&quot;:160,&quot;335559740&quot;:259}\">\u00a0<\/span><\/p>\n<p><span data-contrast=\"auto\">\u6e29\u548c<\/span><span data-contrast=\"auto\">\u00a0\u5c3a\u5bf8\u53d8\u5316\u5c0f\u4e14\u5177\u6709\u91d1\u5c5e\u5149\u6cfd\u7684\u8868\u9762\uff0c\u65e0\u8fb9\u7f18\u8131\u78b3\u548c\u6c27\u5316\uff0c\u4f7f\u8fd9\u79cd\u5de5\u827a\u975e\u5e38\u9002\u5408\u540e\u7eed\u6d82\u5c42\u5904\u7406\u3002<\/span><span data-ccp-props=\"{&quot;201341983&quot;:0,&quot;335559739&quot;:160,&quot;335559740&quot;:259}\">\u00a0<\/span><\/p>\n\n\t\t<\/div>\n\t<\/div>\n<\/div><\/div><\/div><\/div><\/div><\/div><\/div><\/div><div class=\"vc_row wpb_row vc_row-fluid vc_custom_1529516508136 vc_row-o-equal-height vc_row-o-content-middle vc_row-flex\"><div class=\"wpb_column vc_column_container vc_col-sm-12\"><div class=\"vc_column-inner\"><div class=\"wpb_wrapper\"><div class=\"vc_row wpb_row vc_inner vc_row-fluid vc_row-o-equal-height vc_row-o-content-middle vc_row-flex\"><div class=\"wpb_column vc_column_container vc_col-sm-6\"><div class=\"vc_column-inner vc_custom_1491746388981\"><div class=\"wpb_wrapper\"><style type=\"text\/css\" data-type=\"the7_shortcodes-inline-css\">.shortcode-single-image-wrap.shortcode-single-image-0325352ef1a96cc471285be7144a2703.enable-bg-rollover .rollover i,\n.shortcode-single-image-wrap.shortcode-single-image-0325352ef1a96cc471285be7144a2703.enable-bg-rollover .rollover-video i {\n  background: ;\n  background: -webkit-linear-gradient();\n  background: linear-gradient();\n}\n.shortcode-single-image-wrap.shortcode-single-image-0325352ef1a96cc471285be7144a2703 .rollover-icon {\n  font-size: 32px;\n  color: #ffffff;\n  min-width: 44px;\n  min-height: 44px;\n  line-height: 44px;\n  border-radius: 100px;\n  border-style: solid;\n  border-width: 0px;\n}\n.dt-icon-bg-on.shortcode-single-image-wrap.shortcode-single-image-0325352ef1a96cc471285be7144a2703 .rollover-icon {\n  background: rgba(255,255,255,0.3);\n  box-shadow: none;\n}\n<\/style><div class=\"shortcode-single-image-wrap shortcode-single-image-0325352ef1a96cc471285be7144a2703 alignnone  enable-bg-rollover dt-icon-bg-off\" style=\"margin-top:0px; margin-bottom:0px; margin-left:0px; margin-right:0px; width:1000px;\"><div class=\"shortcode-single-image\"><div class=\"fancy-media-wrap\" style=\"\"><a href=\"http:\/\/s793858876.online.de\/kontakt\" class=\"layzr-bg rollover\" style=\"\" aria-label=\"Image\"><img decoding=\"async\" class=\"preload-me lazy-load aspect\" src=\"data:image\/svg+xml,%3Csvg%20xmlns%3D&#39;http%3A%2F%2Fwww.w3.org%2F2000%2Fsvg&#39;%20viewBox%3D&#39;0%200%20667%20467&#39;%2F%3E\" data-src=\"https:\/\/nova-coating.de\/wp-content\/uploads\/2019\/10\/Kontakt-Nova-667x467.png\" data-srcset=\"https:\/\/nova-coating.de\/wp-content\/uploads\/2019\/10\/Kontakt-Nova-667x467.png 667w\" loading=\"eager\" style=\"--ratio: 667 \/ 467\" sizes=\"(max-width: 667px) 100vw, 667px\" width=\"667\" height=\"467\"  data-dt-location=\"https:\/\/nova-coating.de\/zh\/dienstleistungen\/pvd-beschichtung\/kontakt-nova\" alt=\"\" \/><\/a><\/div><\/div><\/div><\/div><\/div><\/div><div class=\"wpb_column vc_column_container vc_col-sm-6\"><div class=\"vc_column-inner vc_custom_1491746397816\"><div class=\"wpb_wrapper\"><\/div><\/div><\/div><\/div><\/div><\/div><\/div><\/div><!-- Row Backgrounds --><div class=\"upb_color\" data-bg-override=\"ex-full\" data-bg-color=\"rgba(170,170,170,0.1)\" data-fadeout=\"\" data-fadeout-percentage=\"30\" data-parallax-content=\"\" data-parallax-content-sense=\"30\" data-row-effect-mobile-disable=\"true\" data-img-parallax-mobile-disable=\"true\" data-rtl=\"false\"  data-custom-vc-row=\"\"  data-vc=\"8.6.1\"  data-is_old_vc=\"\"  data-theme-support=\"\"   data-overlay=\"false\" data-overlay-color=\"\" data-overlay-pattern=\"\" data-overlay-pattern-opacity=\"\" data-overlay-pattern-size=\"\"    ><\/div>\n<\/div>","protected":false},"excerpt":{"rendered":"<p>Vakuum \u2013 W\u00e4rmebehandlung \u00dcber unser Technologienetzwerk k\u00f6nnen wir Ihnen auch verschiedenste Verfahren der W\u00e4rmebehandlung anbieten. Die spezielle Vakuum-W\u00e4rmebehandlung liefert eine hohe Produktqualit\u00e4t und z\u00e4hlt zu den umweltschonenden Prozessen der W\u00e4rmebehandlung.\u00a0 Das Werkst\u00fcck wird im Vakuum erw\u00e4rmt und anschlie\u00dfend unter Zuhilfenahme von Stickstoff schnell abgeschreckt. Durch gezielte Gef\u00fcgeumwandlung erfolgt die Einstellung der erforderlichen Mikrostruktur und Funktionsh\u00e4rte&hellip;<\/p>","protected":false},"author":1,"featured_media":0,"parent":47,"menu_order":8,"comment_status":"closed","ping_status":"closed","template":"","meta":{"footnotes":""},"class_list":["post-2448","page","type-page","status-publish","hentry","description-off"],"_links":{"self":[{"href":"https:\/\/nova-coating.de\/zh\/wp-json\/wp\/v2\/pages\/2448","targetHints":{"allow":["GET"]}}],"collection":[{"href":"https:\/\/nova-coating.de\/zh\/wp-json\/wp\/v2\/pages"}],"about":[{"href":"https:\/\/nova-coating.de\/zh\/wp-json\/wp\/v2\/types\/page"}],"author":[{"embeddable":true,"href":"https:\/\/nova-coating.de\/zh\/wp-json\/wp\/v2\/users\/1"}],"replies":[{"embeddable":true,"href":"https:\/\/nova-coating.de\/zh\/wp-json\/wp\/v2\/comments?post=2448"}],"version-history":[{"count":9,"href":"https:\/\/nova-coating.de\/zh\/wp-json\/wp\/v2\/pages\/2448\/revisions"}],"predecessor-version":[{"id":2748,"href":"https:\/\/nova-coating.de\/zh\/wp-json\/wp\/v2\/pages\/2448\/revisions\/2748"}],"up":[{"embeddable":true,"href":"https:\/\/nova-coating.de\/zh\/wp-json\/wp\/v2\/pages\/47"}],"wp:attachment":[{"href":"https:\/\/nova-coating.de\/zh\/wp-json\/wp\/v2\/media?parent=2448"}],"curies":[{"name":"wp","href":"https:\/\/api.w.org\/{rel}","templated":true}]}}