{"id":2446,"date":"2019-09-25T00:06:52","date_gmt":"2019-09-24T22:06:52","guid":{"rendered":"http:\/\/s793858876.online.de\/?page_id=2446"},"modified":"2020-05-12T21:30:15","modified_gmt":"2020-05-12T19:30:15","slug":"strahlprozesse","status":"publish","type":"page","link":"https:\/\/nova-coating.de\/zh\/dienstleistungen\/strahlprozesse","title":{"rendered":"\u55b7\u5c04\u5de5\u827a"},"content":{"rendered":"<div class=\"wpb-content-wrapper\"><div class=\"vc_row wpb_row vc_row-fluid vc_custom_1491748274178 vc_row-o-equal-height vc_row-o-content-middle vc_row-flex\"><div class=\"wpb_column vc_column_container vc_col-sm-12 vc_col-lg-offset-2 vc_col-lg-8 vc_col-md-offset-1 vc_col-md-10\"><div class=\"vc_column-inner\"><div class=\"wpb_wrapper\"><div id=\"ultimate-heading-429969e8a420ad3e6\" class=\"uvc-heading ult-adjust-bottom-margin ultimate-heading-429969e8a420ad3e6 uvc-3486 accent-border-color\" data-hspacer=\"line_only\"  data-halign=\"center\" style=\"text-align:center\"><div class=\"uvc-main-heading ult-responsive\"  data-ultimate-target='.uvc-heading.ultimate-heading-429969e8a420ad3e6 h2'  data-responsive-json-new='{\"font-size\":\"desktop:44px;tablet_portrait:30px;\",\"line-height\":\"desktop:54px;tablet_portrait:40px;\"}' ><h2 style=\"font-weight:bold;margin-bottom:10px;\">\u55b7\u5c04\u5de5\u827a<\/h2><\/div><div class=\"uvc-heading-spacer line_only\" style=\"margin-bottom:40px;height:5px;\"><span class=\"uvc-headings-line\" style=\"border-style:solid;border-bottom-width:5px;border-color:;width:120px;\"><\/span><\/div><\/div><\/div><\/div><\/div><div class=\"wpb_column vc_column_container vc_col-sm-12\"><div class=\"vc_column-inner\"><div class=\"wpb_wrapper\"><div class=\"vc_row wpb_row vc_inner vc_row-fluid vc_row-o-equal-height vc_row-o-content-middle vc_row-flex\"><div class=\"wpb_column vc_column_container vc_col-sm-6\"><div class=\"vc_column-inner vc_custom_1491746388981\"><div class=\"wpb_wrapper\"><style type=\"text\/css\" data-type=\"the7_shortcodes-inline-css\">.shortcode-single-image-wrap.shortcode-single-image-e321441be6ad021c19258e186771286b.enable-bg-rollover .rollover i,\n.shortcode-single-image-wrap.shortcode-single-image-e321441be6ad021c19258e186771286b.enable-bg-rollover .rollover-video i {\n  background: ;\n  background: -webkit-linear-gradient();\n  background: linear-gradient();\n}\n.shortcode-single-image-wrap.shortcode-single-image-e321441be6ad021c19258e186771286b .rollover-icon {\n  font-size: 32px;\n  color: #ffffff;\n  min-width: 44px;\n  min-height: 44px;\n  line-height: 44px;\n  border-radius: 100px;\n  border-style: solid;\n  border-width: 0px;\n}\n.dt-icon-bg-on.shortcode-single-image-wrap.shortcode-single-image-e321441be6ad021c19258e186771286b .rollover-icon {\n  background: rgba(255,255,255,0.3);\n  box-shadow: none;\n}\n<\/style><div class=\"shortcode-single-image-wrap shortcode-single-image-e321441be6ad021c19258e186771286b alignnone  enable-bg-rollover dt-icon-bg-off\" style=\"margin-top:0px; margin-bottom:0px; margin-left:0px; margin-right:0px; width:1000px;\"><div class=\"shortcode-single-image\"><div class=\"fancy-media-wrap  layzr-bg\" style=\"\"><img fetchpriority=\"high\" decoding=\"async\" class=\"preload-me lazy-load aspect\" src=\"data:image\/svg+xml,%3Csvg%20xmlns%3D&#39;http%3A%2F%2Fwww.w3.org%2F2000%2Fsvg&#39;%20viewBox%3D&#39;0%200%20481%20336&#39;%2F%3E\" data-src=\"https:\/\/nova-coating.de\/wp-content\/uploads\/2019\/09\/PVD-1-481x336.jpg\" data-srcset=\"https:\/\/nova-coating.de\/wp-content\/uploads\/2019\/09\/PVD-1-481x336.jpg 481w\" loading=\"eager\" sizes=\"(max-width: 481px) 100vw, 481px\" width=\"481\" height=\"336\"  data-dt-location=\"https:\/\/nova-coating.de\/zh\/dienstleistungen\/pvd-beschichtung\/pvd-1\" style=\"--ratio: 481 \/ 336;\" alt=\"\" \/><\/div><\/div><\/div><\/div><\/div><\/div><div class=\"wpb_column vc_column_container vc_col-sm-6\"><div class=\"vc_column-inner vc_custom_1491746397816\"><div class=\"wpb_wrapper\">\n\t<div class=\"wpb_text_column wpb_content_element  vc_custom_1589311790671\" >\n\t\t<div class=\"wpb_wrapper\">\n\t\t\t<p class=\"translation-block\">\u6d82\u5c42\u8868\u9762\u7684\u51c6\u5907\u5de5\u4f5c\u9700\u8981\u7279\u522b\u6ce8\u610f\uff0c\u56e0\u4e3a\u6c27\u5316\u7269\uff08\u9508\uff09\u3001\u6c2e\u5316\u8fc7\u7a0b\u7684\u8fde\u63a5\u5c42\u3001\u7535\u8680\u76ae\u3001\u786c\u8f66\u524a\u548c\u786c\u94e3\u524a\u9020\u6210\u7684\u8868\u9762\u635f\u4f24\u7b49\u6b8b\u7559\u7269\u4f1a\u5bf9\u529f\u80fd\u5c42\u7684\u9644\u7740\u529b\u4ea7\u751f\u8d1f\u9762\u5f71\u54cd\u3002\u8fd9\u4e9b\u60c5\u51b5\u5fc5\u987b\u4e25\u683c\u907f\u514d\uff01<\/p>\n<p><span data-contrast=\"auto\">\u4e3a\u4e86\u6700\u4f73\u51c6\u5907\u8868\u9762\uff0c\u6211\u4eec\u91c7\u7528\u4e86\u6e7f\u5f0f\u548c\u5e72\u5f0f\u55b7\u5c04\u5de5\u827a\uff0c\u4f7f\u7528\u4e0d\u540c\u7684\u55b7\u5c04\u4ecb\u8d28\u3001\u9897\u7c92\u5f62\u72b6\u548c\u9897\u7c92\u5927\u5c0f\u3002<\/span><span data-ccp-props=\"{&quot;134233117&quot;:true,&quot;134233118&quot;:true,&quot;201341983&quot;:0,&quot;335559739&quot;:160,&quot;335559740&quot;:240}\">\u00a0<\/span><\/p>\n<p><span data-ccp-props=\"{&quot;134233117&quot;:true,&quot;134233118&quot;:true,&quot;201341983&quot;:0,&quot;335559739&quot;:160,&quot;335559740&quot;:240}\">\u00a0<\/span><\/p>\n<p><b><span data-contrast=\"auto\">\u8bbe\u5907\u6280\u672f\uff1a<\/span><\/b><span data-ccp-props=\"{&quot;134233117&quot;:true,&quot;134233118&quot;:true,&quot;201341983&quot;:0,&quot;335559739&quot;:160,&quot;335559740&quot;:240}\">\u00a0<\/span><\/p>\n<p><em>\u5fae\u55b7\u5c04\u88c5\u7f6e\uff08\u6ce8\u5c04\u55b7\u5c04\u5de5\u827a\uff09\u00a0<\/em><\/p>\n<p class=\"translation-block\">\u6709\u6548\u5c3a\u5bf8\uff1a1300 mm x 800 mm x 800 mm<\/p>\n<p class=\"translation-block\">\u7ec6\u9897\u7c92\u55b7\u5c04\u4ecb\u8d28\u5728\u7c92\u5f84\u3001\u7c92\u5f62\u548c\u786c\u5ea6\u65b9\u9762\u6709\u660e\u786e\u89c4\u5b9a\uff0c\u53ef\u4ee5\u5747\u5300\u5730\u5e94\u7528\u4e8e\u4e0d\u540c\u7684\u8868\u9762\uff0c\u4f8b\u5982\u91d1\u5c5e\u96f6\u4ef6\uff0c\u7528\u4e8e\u6e05\u6d01\u3001\u9664\u9508\u3001\u5fae\u53bb\u6bdb\u523a\u3001\u7c97\u7cd9\u5316\u548c\u7814\u78e8<\/p>\n<p><span data-contrast=\"auto\">\u5fae\u55b7\u5c04\u5de5\u827a\u9002\u7528\u4e8e\u9700\u8981\u8f83\u4f4e\u55b7\u5c04\u5f3a\u5ea6\u3001\u70b9\u72b6\u55b7\u5c04\u548c\u5c0f\u9762\u79ef\u5747\u5300\u55b7\u5c04\u7684\u60c5\u51b5\u3002<\/span><span data-ccp-props=\"{&quot;201341983&quot;:0,&quot;335559739&quot;:160,&quot;335559740&quot;:259}\">\u00a0<\/span><\/p>\n<p><span data-contrast=\"auto\">\u5fae\u55b7\u5c04\u5de5\u827a\u80fd\u591f\u63d0\u4f9b\u53ef\u91cd\u590d\u7684\u8868\u9762\uff0c\u4e0d\u4f1a\u5728\u8fc7\u7a0b\u4e2d\u5f15\u5165\u677e\u6563\u90e8\u4ef6\u3002<\/span><span data-ccp-props=\"{&quot;201341983&quot;:0,&quot;335559739&quot;:160,&quot;335559740&quot;:259}\">\u00a0<\/span><\/p>\n<p class=\"translation-block\">\u8be5\u5de5\u827a\u65e2\u53ef\u4ee5\u751f\u6210\u88c5\u9970\u6027\u8868\u9762\uff0c\u4e5f\u53ef\u4ee5\u6709\u9488\u5bf9\u6027\u5730\u63d0\u9ad8\u6280\u672f\u8fc7\u7a0b\u7684\u652f\u6491\u90e8\u5206\u3002<\/p>\n<p><em>\u78e8\u6599\u55b7\u5c04\u88c5\u7f6e\uff08\u538b\u7f29\u7a7a\u6c14\u55b7\u5c04\u5de5\u827a\uff09\u00a0<\/em><\/p>\n<p class=\"translation-block\">\u6709\u6548\u5c3a\u5bf8\uff1a1300 mm x 800 mm x 800 mm<\/p>\n\n\t\t<\/div>\n\t<\/div>\n<\/div><\/div><\/div><\/div><\/div><\/div><\/div><\/div><div class=\"vc_row wpb_row vc_row-fluid vc_custom_1529516508136 vc_row-o-equal-height vc_row-o-content-middle vc_row-flex\"><div class=\"wpb_column vc_column_container vc_col-sm-12\"><div class=\"vc_column-inner\"><div class=\"wpb_wrapper\"><div class=\"vc_row wpb_row vc_inner vc_row-fluid vc_row-o-equal-height vc_row-o-content-middle vc_row-flex\"><div class=\"wpb_column vc_column_container vc_col-sm-6\"><div class=\"vc_column-inner vc_custom_1491746388981\"><div class=\"wpb_wrapper\"><style type=\"text\/css\" data-type=\"the7_shortcodes-inline-css\">.shortcode-single-image-wrap.shortcode-single-image-0325352ef1a96cc471285be7144a2703.enable-bg-rollover .rollover i,\n.shortcode-single-image-wrap.shortcode-single-image-0325352ef1a96cc471285be7144a2703.enable-bg-rollover .rollover-video i {\n  background: ;\n  background: -webkit-linear-gradient();\n  background: linear-gradient();\n}\n.shortcode-single-image-wrap.shortcode-single-image-0325352ef1a96cc471285be7144a2703 .rollover-icon {\n  font-size: 32px;\n  color: #ffffff;\n  min-width: 44px;\n  min-height: 44px;\n  line-height: 44px;\n  border-radius: 100px;\n  border-style: solid;\n  border-width: 0px;\n}\n.dt-icon-bg-on.shortcode-single-image-wrap.shortcode-single-image-0325352ef1a96cc471285be7144a2703 .rollover-icon {\n  background: rgba(255,255,255,0.3);\n  box-shadow: none;\n}\n<\/style><div class=\"shortcode-single-image-wrap shortcode-single-image-0325352ef1a96cc471285be7144a2703 alignnone  enable-bg-rollover dt-icon-bg-off\" style=\"margin-top:0px; margin-bottom:0px; margin-left:0px; margin-right:0px; width:1000px;\"><div class=\"shortcode-single-image\"><div class=\"fancy-media-wrap\" style=\"\"><a href=\"http:\/\/s793858876.online.de\/kontakt\" class=\"layzr-bg rollover\" style=\"\" aria-label=\"Image\"><img decoding=\"async\" class=\"preload-me lazy-load aspect\" src=\"data:image\/svg+xml,%3Csvg%20xmlns%3D&#39;http%3A%2F%2Fwww.w3.org%2F2000%2Fsvg&#39;%20viewBox%3D&#39;0%200%20667%20467&#39;%2F%3E\" data-src=\"https:\/\/nova-coating.de\/wp-content\/uploads\/2019\/10\/Kontakt-Nova-667x467.png\" data-srcset=\"https:\/\/nova-coating.de\/wp-content\/uploads\/2019\/10\/Kontakt-Nova-667x467.png 667w\" loading=\"eager\" style=\"--ratio: 667 \/ 467\" sizes=\"(max-width: 667px) 100vw, 667px\" width=\"667\" height=\"467\"  data-dt-location=\"https:\/\/nova-coating.de\/zh\/dienstleistungen\/pvd-beschichtung\/kontakt-nova\" alt=\"\" \/><\/a><\/div><\/div><\/div><\/div><\/div><\/div><div class=\"wpb_column vc_column_container vc_col-sm-6\"><div class=\"vc_column-inner vc_custom_1491746397816\"><div class=\"wpb_wrapper\"><\/div><\/div><\/div><\/div><\/div><\/div><\/div><\/div><!-- Row Backgrounds --><div class=\"upb_color\" data-bg-override=\"ex-full\" data-bg-color=\"rgba(170,170,170,0.1)\" data-fadeout=\"\" data-fadeout-percentage=\"30\" data-parallax-content=\"\" data-parallax-content-sense=\"30\" data-row-effect-mobile-disable=\"true\" data-img-parallax-mobile-disable=\"true\" data-rtl=\"false\"  data-custom-vc-row=\"\"  data-vc=\"8.6.1\"  data-is_old_vc=\"\"  data-theme-support=\"\"   data-overlay=\"false\" data-overlay-color=\"\" data-overlay-pattern=\"\" data-overlay-pattern-opacity=\"\" data-overlay-pattern-size=\"\"    ><\/div>\n<\/div>","protected":false},"excerpt":{"rendered":"<p>Strahlprozesse Die beschichtungsgerechte Aufbereitung der Oberfl\u00e4chen erfordert besonderes Augenmerk, da R\u00fcckst\u00e4nde wie Oxide (Rost), Verbindungsschichten von Nitrierprozessen,\u202fErodierhaut, gesch\u00e4digte Oberfl\u00e4chen durch Hartdrehen und Hartfr\u00e4sen etc. sich negativ auf die Schichthaftung der Funktionsschicht auswirken. Dies gilt es zwingend zu vermeiden!\u202f\u00a0 F\u00fcr die optimale Pr\u00e4paration der Oberfl\u00e4che setzten wir Nass- und Trockenstrahlverfahren mit unterschiedlichen Strahlmedien, Partikelformen und Partikelgr\u00f6\u00dfen&hellip;<\/p>","protected":false},"author":1,"featured_media":0,"parent":47,"menu_order":6,"comment_status":"closed","ping_status":"closed","template":"","meta":{"footnotes":""},"class_list":["post-2446","page","type-page","status-publish","hentry","description-off"],"_links":{"self":[{"href":"https:\/\/nova-coating.de\/zh\/wp-json\/wp\/v2\/pages\/2446","targetHints":{"allow":["GET"]}}],"collection":[{"href":"https:\/\/nova-coating.de\/zh\/wp-json\/wp\/v2\/pages"}],"about":[{"href":"https:\/\/nova-coating.de\/zh\/wp-json\/wp\/v2\/types\/page"}],"author":[{"embeddable":true,"href":"https:\/\/nova-coating.de\/zh\/wp-json\/wp\/v2\/users\/1"}],"replies":[{"embeddable":true,"href":"https:\/\/nova-coating.de\/zh\/wp-json\/wp\/v2\/comments?post=2446"}],"version-history":[{"count":6,"href":"https:\/\/nova-coating.de\/zh\/wp-json\/wp\/v2\/pages\/2446\/revisions"}],"predecessor-version":[{"id":2905,"href":"https:\/\/nova-coating.de\/zh\/wp-json\/wp\/v2\/pages\/2446\/revisions\/2905"}],"up":[{"embeddable":true,"href":"https:\/\/nova-coating.de\/zh\/wp-json\/wp\/v2\/pages\/47"}],"wp:attachment":[{"href":"https:\/\/nova-coating.de\/zh\/wp-json\/wp\/v2\/media?parent=2446"}],"curies":[{"name":"wp","href":"https:\/\/api.w.org\/{rel}","templated":true}]}}