{"id":2443,"date":"2019-09-25T00:06:41","date_gmt":"2019-09-24T22:06:41","guid":{"rendered":"http:\/\/s793858876.online.de\/?page_id=2443"},"modified":"2019-10-06T13:56:56","modified_gmt":"2019-10-06T11:56:56","slug":"services","status":"publish","type":"page","link":"https:\/\/nova-coating.de\/zh\/dienstleistungen\/services","title":{"rendered":"\u670d\u52a1"},"content":{"rendered":"<div class=\"wpb-content-wrapper\"><div class=\"vc_row wpb_row vc_row-fluid vc_custom_1491748274178 vc_row-o-equal-height vc_row-o-content-middle vc_row-flex\"><div class=\"wpb_column vc_column_container vc_col-sm-12 vc_col-lg-offset-2 vc_col-lg-8 vc_col-md-offset-1 vc_col-md-10\"><div class=\"vc_column-inner\"><div class=\"wpb_wrapper\"><div id=\"ultimate-heading-531669e8a422f2889\" class=\"uvc-heading ult-adjust-bottom-margin ultimate-heading-531669e8a422f2889 uvc-1059 accent-border-color\" data-hspacer=\"line_only\"  data-halign=\"center\" style=\"text-align:center\"><div class=\"uvc-main-heading ult-responsive\"  data-ultimate-target='.uvc-heading.ultimate-heading-531669e8a422f2889 h2'  data-responsive-json-new='{\"font-size\":\"desktop:44px;tablet_portrait:30px;\",\"line-height\":\"desktop:54px;tablet_portrait:40px;\"}' ><h2 style=\"font-weight:bold;margin-bottom:10px;\">\u670d\u52a1<\/h2><\/div><div class=\"uvc-heading-spacer line_only\" style=\"margin-bottom:40px;height:5px;\"><span class=\"uvc-headings-line\" style=\"border-style:solid;border-bottom-width:5px;border-color:;width:120px;\"><\/span><\/div><div class=\"uvc-sub-heading ult-responsive\"  data-ultimate-target='.uvc-heading.ultimate-heading-531669e8a422f2889 .uvc-sub-heading '  data-responsive-json-new='{\"font-size\":\"desktop:22px;mobile_landscape:16px;\",\"line-height\":\"desktop:32px;mobile_landscape:26px;\"}'  style=\"font-style:italic;font-weight:normal;color:#333333;margin-bottom:70px;\">\u670d\u52a1\u5728\u6211\u4eec\u8fd9\u91cc\u662f\u91cd\u4e2d\u4e4b\u91cd\uff01<\/div><\/div><\/div><\/div><\/div><div class=\"wpb_column vc_column_container vc_col-sm-12\"><div class=\"vc_column-inner\"><div class=\"wpb_wrapper\"><div class=\"vc_row wpb_row vc_inner vc_row-fluid vc_row-o-equal-height vc_row-o-content-middle vc_row-flex\"><div class=\"wpb_column vc_column_container vc_col-sm-6\"><div class=\"vc_column-inner vc_custom_1491746388981\"><div class=\"wpb_wrapper\"><style type=\"text\/css\" data-type=\"the7_shortcodes-inline-css\">.shortcode-single-image-wrap.shortcode-single-image-d352d4d1d65083028301448025aff2e7.enable-bg-rollover .rollover i,\n.shortcode-single-image-wrap.shortcode-single-image-d352d4d1d65083028301448025aff2e7.enable-bg-rollover .rollover-video i {\n  background: ;\n  background: -webkit-linear-gradient();\n  background: linear-gradient();\n}\n.shortcode-single-image-wrap.shortcode-single-image-d352d4d1d65083028301448025aff2e7 .rollover-icon {\n  font-size: 32px;\n  color: #ffffff;\n  min-width: 44px;\n  min-height: 44px;\n  line-height: 44px;\n  border-radius: 100px;\n  border-style: solid;\n  border-width: 0px;\n}\n.dt-icon-bg-on.shortcode-single-image-wrap.shortcode-single-image-d352d4d1d65083028301448025aff2e7 .rollover-icon {\n  background: rgba(255,255,255,0.3);\n  box-shadow: none;\n}\n<\/style><div class=\"shortcode-single-image-wrap shortcode-single-image-d352d4d1d65083028301448025aff2e7 alignnone  enable-bg-rollover dt-icon-bg-off\" style=\"margin-top:0px; margin-bottom:0px; margin-left:0px; margin-right:0px; width:1000px;\"><div class=\"shortcode-single-image\"><div class=\"fancy-media-wrap  layzr-bg\" style=\"\"><img fetchpriority=\"high\" decoding=\"async\" class=\"preload-me lazy-load aspect\" src=\"data:image\/svg+xml,%3Csvg%20xmlns%3D&#39;http%3A%2F%2Fwww.w3.org%2F2000%2Fsvg&#39;%20viewBox%3D&#39;0%200%201000%20700&#39;%2F%3E\" data-src=\"https:\/\/nova-coating.de\/wp-content\/uploads\/revslider\/the7-software-company-slider\/trade19-1000x700.jpg\" data-srcset=\"https:\/\/nova-coating.de\/wp-content\/uploads\/revslider\/the7-software-company-slider\/trade19-1000x700.jpg 1000w, https:\/\/nova-coating.de\/wp-content\/uploads\/revslider\/the7-software-company-slider\/trade19-1428x1000.jpg 1428w\" loading=\"eager\" sizes=\"(max-width: 1000px) 100vw, 1000px\" width=\"1000\" height=\"700\"  data-dt-location=\"https:\/\/nova-coating.de\/zh\/trade19-jpg\" style=\"--ratio: 1000 \/ 700;\" alt=\"\" \/><\/div><\/div><\/div><\/div><\/div><\/div><div class=\"wpb_column vc_column_container vc_col-sm-6\"><div class=\"vc_column-inner vc_custom_1491746397816\"><div class=\"wpb_wrapper\">\n\t<div class=\"wpb_text_column wpb_content_element  vc_custom_1570359286314\" >\n\t\t<div class=\"wpb_wrapper\">\n\t\t\t<p>\u4ee5\u4e0b\u662f\u6211\u4eec\u670d\u52a1\u7684\u4e00\u4e9b\u9009\u62e9\uff1a<\/p>\n<ul>\n<li class=\"translation-block\">\u5168\u9762\u54a8\u8be2\uff1a\n\n\u6211\u4eec\u5c06\u534f\u52a9\u60a8\u4ece\u9009\u62e9\u57fa\u7840\u6750\u6599\u3001\u9002\u5f53\u7684\u70ed\u5904\u7406\u5230\u8868\u9762\u548c\u6d82\u5c42\u7684\u6700\u4f73\u8bbe\u8ba1\uff0c\u4ee5\u9002\u5e94\u5404\u79cd\u7279\u6b8a\u5e94\u7528\u60c5\u51b5\u3002<\/li>\n<li><strong>\u53d6\u8d27\u670d\u52a1\uff1a <\/strong><span data-ccp-props=\"{&quot;134233279&quot;:true,&quot;201341983&quot;:0,&quot;335551550&quot;:6,&quot;335551620&quot;:6,&quot;335559739&quot;:160,&quot;335559740&quot;:259}\"><br \/>\n<\/span><span data-contrast=\"auto\">\u6211\u4eec\u5c06\u4e0a\u95e8\u53d6\u8d70\u60a8\u7684\u5de5\u5177\uff0c\u4e3a\u5176\u6d82\u5c42\u5904\u7406\u540e\u518d\u8fd0\u9001\u56de\u60a8\u624b\u4e2d\u3002<\/span><span data-ccp-props=\"{&quot;134233279&quot;:true,&quot;201341983&quot;:0,&quot;335551550&quot;:6,&quot;335551620&quot;:6,&quot;335559739&quot;:160,&quot;335559740&quot;:259}\">\u00a0<\/span><\/li>\n<li><span data-contrast=\"auto\"><strong>\u8ba2\u5355\u8ffd\u8e2a\uff08\u6b63\u5728\u5f00\u53d1\u4e2d\uff09\uff1a<\/strong><\/span><span data-ccp-props=\"{&quot;134233279&quot;:true,&quot;201341983&quot;:0,&quot;335551550&quot;:6,&quot;335551620&quot;:6,&quot;335559739&quot;:160,&quot;335559740&quot;:259}\"><br \/>\n<\/span><span data-contrast=\"auto\">\u8fd9\u6837\u60a8\u53ef\u4ee5\u968f\u65f6\u4e86\u89e3\u60a8\u4ea4\u7ed9\u6211\u4eec\u7684\u5de5\u5177\u7684\u5177\u4f53\u4f4d\u7f6e\uff01<\/span><span data-ccp-props=\"{&quot;134233279&quot;:true,&quot;201341983&quot;:0,&quot;335551550&quot;:6,&quot;335551620&quot;:6,&quot;335559739&quot;:160,&quot;335559740&quot;:259}\">\u00a0<\/span><\/li>\n<li class=\"translation-block\">\u901a\u8fc7\u7f51\u7edc\u670d\u52a1\u63a5\u6536\u8ba2\u5355\uff08\u6b63\u5728\u5f00\u53d1\u4e2d\uff09\uff1a\n\u6211\u4eec\u7684\u7f51\u7ad9\u5c06\u8bbe\u6709\u4e00\u4e2a\u767b\u5f55\u754c\u9762\uff0c\u60a8\u53ef\u4ee5\u4f5c\u4e3a\u5ba2\u6237\u767b\u5f55\uff0c\u5e76\u5728\u4efb\u4f55\u65f6\u95f4\uff0c\u65e0\u8bba\u767d\u5929\u8fd8\u662f\u591c\u665a\uff0c\u63d0\u4ea4\u8ba2\u5355\u3002<\/li>\n<li><span data-contrast=\"none\"><strong>\u8ba2\u5355\u5bfc\u5165\u901a\u8fc7 CSV\u3001XML \u6216 TXT \u6587\u4ef6\uff08\u6b63\u5728\u5f00\u53d1\u4e2d\uff09\uff1a<\/strong><\/span> <span data-ccp-props=\"{&quot;134233279&quot;:true,&quot;201341983&quot;:0,&quot;335551550&quot;:6,&quot;335551620&quot;:6,&quot;335559739&quot;:160,&quot;335559740&quot;:259}\"><br \/>\n<\/span><span data-contrast=\"none\">\u60a8\u4f5c\u4e3a\u6211\u4eec\u7684\u5ba2\u6237\uff0c\u53ef\u4ee5\u63d0\u4f9b\u5305\u542b\u65b0\u8ba2\u5355\u4fe1\u606f\u7684 CSV\u3001XML \u6216 TXT \u6587\u4ef6\uff0c\u6211\u4eec\u7684 ERP \u8f6f\u4ef6\u80fd\u591f\u8bfb\u53d6\u8fd9\u4e9b\u6587\u4ef6\u4e2d\u7684\u4fe1\u606f\u3002<\/span><span data-ccp-props=\"{&quot;134233279&quot;:true,&quot;201341983&quot;:0,&quot;335551550&quot;:6,&quot;335551620&quot;:6,&quot;335559739&quot;:160,&quot;335559740&quot;:259}\">\u00a0<\/span><\/li>\n<\/ul>\n\n\t\t<\/div>\n\t<\/div>\n<\/div><\/div><\/div><\/div><\/div><\/div><\/div><\/div><div class=\"vc_row wpb_row vc_row-fluid vc_custom_1529516508136 vc_row-o-equal-height vc_row-o-content-middle vc_row-flex\"><div class=\"wpb_column vc_column_container vc_col-sm-12\"><div class=\"vc_column-inner\"><div class=\"wpb_wrapper\"><div class=\"vc_row wpb_row vc_inner vc_row-fluid vc_row-o-equal-height vc_row-o-content-middle vc_row-flex\"><div class=\"wpb_column vc_column_container vc_col-sm-6\"><div class=\"vc_column-inner vc_custom_1491746388981\"><div class=\"wpb_wrapper\"><style type=\"text\/css\" data-type=\"the7_shortcodes-inline-css\">.shortcode-single-image-wrap.shortcode-single-image-0325352ef1a96cc471285be7144a2703.enable-bg-rollover .rollover i,\n.shortcode-single-image-wrap.shortcode-single-image-0325352ef1a96cc471285be7144a2703.enable-bg-rollover .rollover-video i {\n  background: ;\n  background: -webkit-linear-gradient();\n  background: linear-gradient();\n}\n.shortcode-single-image-wrap.shortcode-single-image-0325352ef1a96cc471285be7144a2703 .rollover-icon {\n  font-size: 32px;\n  color: #ffffff;\n  min-width: 44px;\n  min-height: 44px;\n  line-height: 44px;\n  border-radius: 100px;\n  border-style: solid;\n  border-width: 0px;\n}\n.dt-icon-bg-on.shortcode-single-image-wrap.shortcode-single-image-0325352ef1a96cc471285be7144a2703 .rollover-icon {\n  background: rgba(255,255,255,0.3);\n  box-shadow: none;\n}\n<\/style><div class=\"shortcode-single-image-wrap shortcode-single-image-0325352ef1a96cc471285be7144a2703 alignnone  enable-bg-rollover dt-icon-bg-off\" style=\"margin-top:0px; margin-bottom:0px; margin-left:0px; margin-right:0px; width:1000px;\"><div class=\"shortcode-single-image\"><div class=\"fancy-media-wrap\" style=\"\"><a href=\"http:\/\/s793858876.online.de\/kontakt\" class=\"layzr-bg rollover\" style=\"\" aria-label=\"Image\"><img decoding=\"async\" class=\"preload-me lazy-load aspect\" src=\"data:image\/svg+xml,%3Csvg%20xmlns%3D&#39;http%3A%2F%2Fwww.w3.org%2F2000%2Fsvg&#39;%20viewBox%3D&#39;0%200%20667%20467&#39;%2F%3E\" data-src=\"https:\/\/nova-coating.de\/wp-content\/uploads\/2019\/10\/Kontakt-Nova-667x467.png\" data-srcset=\"https:\/\/nova-coating.de\/wp-content\/uploads\/2019\/10\/Kontakt-Nova-667x467.png 667w\" loading=\"eager\" style=\"--ratio: 667 \/ 467\" sizes=\"(max-width: 667px) 100vw, 667px\" width=\"667\" height=\"467\"  data-dt-location=\"https:\/\/nova-coating.de\/zh\/dienstleistungen\/pvd-beschichtung\/kontakt-nova\" alt=\"\" \/><\/a><\/div><\/div><\/div><\/div><\/div><\/div><div class=\"wpb_column vc_column_container vc_col-sm-6\"><div class=\"vc_column-inner vc_custom_1491746397816\"><div class=\"wpb_wrapper\"><\/div><\/div><\/div><\/div><\/div><\/div><\/div><\/div><!-- Row Backgrounds --><div class=\"upb_color\" data-bg-override=\"ex-full\" data-bg-color=\"rgba(170,170,170,0.1)\" data-fadeout=\"\" data-fadeout-percentage=\"30\" data-parallax-content=\"\" data-parallax-content-sense=\"30\" data-row-effect-mobile-disable=\"true\" data-img-parallax-mobile-disable=\"true\" data-rtl=\"false\"  data-custom-vc-row=\"\"  data-vc=\"8.6.1\"  data-is_old_vc=\"\"  data-theme-support=\"\"   data-overlay=\"false\" data-overlay-color=\"\" data-overlay-pattern=\"\" data-overlay-pattern-opacity=\"\" data-overlay-pattern-size=\"\"    ><\/div>\n<\/div>","protected":false},"excerpt":{"rendered":"<p>ServicesSERVICE\u00a0 wird bei uns gro\u00df geschrieben! Nachstehend finden Sie eine Auswahl unserer Services: Umf\u00e4ngliche Beratung: Wir unterst\u00fctzen Sie bei der Auswahl des Grundwerkstoffes,\u00a0\u00fcber die\u00a0geeignete\u00a0W\u00e4rmebehandlung bis zu\u00a0optimalen Auslegung der\u00a0Oberfl\u00e4che und\u00a0Beschichtung f\u00fcr den jeweiligen speziellen Anwendungsfall. Pick-Up Service: Wir holen ihr Werkzeug ab, beschichten es f\u00fcr Sie und transportieren es wieder zu Ihnen zur\u00fcck.\u00a0 Auftragsnachverfolgung (in Entwicklung):&hellip;<\/p>","protected":false},"author":1,"featured_media":0,"parent":47,"menu_order":4,"comment_status":"closed","ping_status":"closed","template":"","meta":{"footnotes":""},"class_list":["post-2443","page","type-page","status-publish","hentry","description-off"],"_links":{"self":[{"href":"https:\/\/nova-coating.de\/zh\/wp-json\/wp\/v2\/pages\/2443","targetHints":{"allow":["GET"]}}],"collection":[{"href":"https:\/\/nova-coating.de\/zh\/wp-json\/wp\/v2\/pages"}],"about":[{"href":"https:\/\/nova-coating.de\/zh\/wp-json\/wp\/v2\/types\/page"}],"author":[{"embeddable":true,"href":"https:\/\/nova-coating.de\/zh\/wp-json\/wp\/v2\/users\/1"}],"replies":[{"embeddable":true,"href":"https:\/\/nova-coating.de\/zh\/wp-json\/wp\/v2\/comments?post=2443"}],"version-history":[{"count":10,"href":"https:\/\/nova-coating.de\/zh\/wp-json\/wp\/v2\/pages\/2443\/revisions"}],"predecessor-version":[{"id":2747,"href":"https:\/\/nova-coating.de\/zh\/wp-json\/wp\/v2\/pages\/2443\/revisions\/2747"}],"up":[{"embeddable":true,"href":"https:\/\/nova-coating.de\/zh\/wp-json\/wp\/v2\/pages\/47"}],"wp:attachment":[{"href":"https:\/\/nova-coating.de\/zh\/wp-json\/wp\/v2\/media?parent=2443"}],"curies":[{"name":"wp","href":"https:\/\/api.w.org\/{rel}","templated":true}]}}