{"id":2281,"date":"2019-08-29T01:40:45","date_gmt":"2019-08-28T23:40:45","guid":{"rendered":"http:\/\/s793858876.online.de\/?page_id=2281"},"modified":"2022-07-04T20:14:23","modified_gmt":"2022-07-04T18:14:23","slug":"impressum","status":"publish","type":"page","link":"https:\/\/nova-coating.de\/zh\/impressum","title":{"rendered":"\u5370\u8a18"},"content":{"rendered":"<h2 class=\"wp-block-heading\">\u5370\u8a18<\/h2>\r\n\r\n\r\n\r\n<h2 class=\"wp-block-heading\">\u8ca0\u8cac\u7684\u7db2\u7ad9\u71df\u904b\u5546\uff1a<\/h2>\r\n\r\n\r\n\r\n<p>NOVA Coating Nord GmbH<br \/>Kleinewefersstra\u00dfe 1<br \/>47803 Krefeld<\/p>\r\n\r\n\r\n\r\n<h2 class=\"wp-block-heading\">\u6839\u64da \u00a7 5 TMG<\/h2>\r\n\r\n\r\n\r\n<p>NOVA Coating Nord GmbH<br \/>Kleinewefersstra\u00dfe 1<br \/>47803 Krefeld<\/p>\r\n\r\n\r\n\r\n<p>\u5546\u696d\u8a3b\u518a: HRB 17097<br \/>Registergericht: Amtsgericht Krefeld<\/p>\r\n\r\n\r\n\r\n<p>&nbsp;<\/p>\r\n<p>NOVA Coating S\u00fcd GmbH<br \/>Haldenloh B 2<br \/>86465 Welden<\/p>\r\n\r\n\r\n\r\n<p>\u5546\u696d\u767b\u8a18\uff1aHRB 35712 <br \/>\u767b\u8a18\u6cd5\u9662\uff1a\u5730\u65b9\u6cd5\u9662 N\u00fcrnberg<\/p>\r\n<p>&nbsp;<\/p>\r\n<p>NOVA Coating West GmbH<br \/>Benzstr. 21<br \/>75433 Maulbronn<\/p>\r\n<p>\r\n\r\n<\/p>\r\n<p>\u5546\u696d\u767b\u8a18: HRB 742418<br \/>\u767b\u8a18\u6cd5\u9662\uff1a\u5730\u65b9\u6cd5\u9662 Mannheim<\/p>\r\n\r\n\r\n\r\n<p>&nbsp;<\/p>\r\n<p>&nbsp;<\/p>\r\n\r\n\r\n\r\n<p><strong>\u7531\u57f7\u884c\u9577\u4ee3\u8868\uff1a<\/strong><br \/>Christian P. Kolb<br \/>Frank Theisejans<\/p>\r\n\r\n\r\n\r\n<h2 class=\"wp-block-heading\">\u8054\u7cfb<\/h2>\r\n\r\n\r\n\r\n<p>\u96fb\u8a71: +49 (0) 2151 38745 00<br \/>\u50b3\u771f: +49 (0) 2151 38745 22<br \/>\u7535\u5b50\u90ae\u4ef6\uff1ainfo@nova-coating.de<\/p>\r\n\r\n\r\n\r\n<h2 class=\"wp-block-heading\">\u7a05\u865f<\/h2>\r\n\r\n\r\n\r\n<p>\u4f9d\u64da\u300a\u92b7\u552e\u7a05\u6cd5\u300b\u7b2c 27 a \u689d\u898f\u5b9a\u7684\u92b7\u552e\u7a05\u8b58\u5225\u865f\u78bc\uff1a<br \/>DE321848223<\/p>\r\n\r\n\r\n\r\n<h2 class=\"wp-block-heading\">\u722d\u8b70\u89e3\u6c7a<\/h2>\r\n\r\n\r\n\r\n<p>\u6b50\u76df\u59d4\u54e1\u6703\u63d0\u4f9b\u7dda\u4e0a\u722d\u8b70\u89e3\u6c7a\uff08OS\uff09\u5e73\u53f0\uff1a <a href=\"https:\/\/ec.europa.eu\/consumers\/odr\" target=\"_blank\" rel=\"noreferrer noopener\">https:\/\/ec.europa.eu\/consumers\/odr<\/a>.<br \/>\u60a8\u53ef\u4ee5\u5728\u4e0a\u9762\u7684\u6cd5\u5f8b\u8072\u660e\u4e2d\u627e\u5230\u6211\u5011\u7684\u96fb\u5b50\u90f5\u4ef6\u5730\u5740\u3002<\/p>\r\n\r\n\r\n\r\n<p>\u6211\u5011\u4e0d\u9858\u610f\u4e5f\u6c92\u6709\u7fa9\u52d9\u53c3\u8207\u6d88\u8cbb\u8005\u4ef2\u88c1\u59d4\u54e1\u6703\u7684\u722d\u8b70\u89e3\u6c7a\u7a0b\u5e8f\u3002<\/p>\r\n\r\n\r\n\r\n<h3 class=\"wp-block-heading\">\u5167\u5bb9\u8cac\u4efb<\/h3>\r\n\r\n\r\n\r\n<p>\u4f5c\u4e3a\u670d\u52a1\u63d0\u4f9b\u8005\uff0c\u6839\u636e\u300a\u4fe1\u606f\u793e\u4f1a\u670d\u52a1\u6cd5\u300b\u7b2c7\u6761\u7b2c1\u6b3e\uff0c\u6211\u4eec\u5bf9\u672c\u7f51\u9875\u4e0a\u7684\u81ea\u5df1\u5185\u5bb9\u4f9d\u7167\u4e00\u822c\u6cd5\u5f8b\u8d1f\u8d23\u3002\u7136\u800c\u6839\u636e\u300a\u4fe1\u606f\u793e\u4f1a\u670d\u52a1\u6cd5\u300b\u7b2c8\u81f3\u7b2c10\u6761\uff0c\u4f5c\u4e3a\u670d\u52a1\u63d0\u4f9b\u8005\uff0c\u6211\u4eec\u6ca1\u6709\u4e49\u52a1\u76d1\u89c6\u4f20\u8f93\u6216\u5b58\u50a8\u7684\u5916\u90e8\u4fe1\u606f\uff0c\u6216\u8005\u8c03\u67e5\u8ff9\u8c61\u8868\u660e\u5b58\u5728\u975e\u6cd5\u6d3b\u52a8\u7684\u60c5\u51b5\u3002<\/p>\r\n\r\n\r\n\r\n<p>\u6839\u636e\u4e00\u822c\u6cd5\u5f8b\u89c4\u5b9a\uff0c\u6211\u4eec\u4ecd\u7136\u6709\u4e49\u52a1\u6839\u636e\u6cd5\u5f8b\u8981\u6c42\u79fb\u9664\u6216\u5c01\u9501\u4f7f\u7528\u4fe1\u606f\u7684\u4e49\u52a1\u3002\u7136\u800c\uff0c\u76f8\u5173\u8d23\u4efb\u4ec5\u5728\u6211\u4eec\u83b7\u6089\u5177\u4f53\u8fdd\u6cd5\u884c\u4e3a\u7684\u65f6\u95f4\u70b9\u8d77\u751f\u6548\u3002\u4e00\u65e6\u53d1\u73b0\u76f8\u5173\u8fdd\u6cd5\u884c\u4e3a\uff0c\u6211\u4eec\u5c06\u7acb\u5373\u79fb\u9664\u8fd9\u4e9b\u5185\u5bb9\u3002<\/p>\r\n\r\n\r\n\r\n<h3 class=\"wp-block-heading\">\u9023\u7d50\u7684\u8cac\u4efb<\/h3>\r\n\r\n\r\n\r\n<p>\u6211\u4eec\u7684\u670d\u52a1\u5305\u542b\u6307\u5411\u7b2c\u4e09\u65b9\u5916\u90e8\u7f51\u7ad9\u7684\u94fe\u63a5\uff0c\u6211\u4eec\u5bf9\u8fd9\u4e9b\u5185\u5bb9\u6ca1\u6709\u63a7\u5236\u6743\u3002\u56e0\u6b64\uff0c\u6211\u4eec\u5bf9\u8fd9\u4e9b\u5916\u90e8\u5185\u5bb9\u4e0d\u627f\u62c5\u4efb\u4f55\u4fdd\u8bc1\u8d23\u4efb\u3002\u94fe\u63a5\u9875\u9762\u7684\u5185\u5bb9\u7531\u5404\u81ea\u7684\u63d0\u4f9b\u8005\u6216\u8fd0\u8425\u8005\u8d1f\u8d23\u3002\u5728\u5efa\u7acb\u94fe\u63a5\u65f6\uff0c\u6211\u4eec\u5df2\u7ecf\u68c0\u67e5\u4e86\u53ef\u80fd\u7684\u6cd5\u5f8b\u8fdd\u89c4\u884c\u4e3a\u3002\u5728\u94fe\u63a5\u5efa\u7acb\u65f6\uff0c\u5e76\u672a\u53d1\u73b0\u8fdd\u6cd5\u5185\u5bb9\u3002<\/p>\r\n\r\n\r\n\r\n<p>\u7136\u800c\uff0c\u5982\u679c\u6ca1\u6709\u5177\u4f53\u7684\u6cd5\u5f8b\u8fdd\u89c4\u8ff9\u8c61\uff0c\u6211\u4eec\u4e0d\u4f1a\u5bf9\u94fe\u63a5\u9875\u9762\u8fdb\u884c\u6301\u7eed\u7684\u5185\u5bb9\u76d1\u63a7\u3002\u4e00\u65e6\u6211\u4eec\u53d1\u73b0\u6709\u8fdd\u6cd5\u884c\u4e3a\uff0c\u6211\u4eec\u5c06\u7acb\u5373\u79fb\u9664\u76f8\u5173\u94fe\u63a5\u3002<\/p>\r\n\r\n\r\n\r\n<h3 class=\"wp-block-heading\">\u7248\u6743<\/h3>\r\n\r\n\r\n\r\n<p>\u9875\u9762\u8fd0\u8425\u8005\u5728\u8fd9\u4e9b\u9875\u9762\u4e0a\u521b\u5efa\u7684\u5185\u5bb9\u548c\u4f5c\u54c1\u53d7\u5230\u5fb7\u56fd\u7248\u6743\u6cd5\u7684\u4fdd\u62a4\u3002\u672a\u7ecf\u4f5c\u8005\u6216\u521b\u4f5c\u8005\u4e66\u9762\u8bb8\u53ef\uff0c\u7981\u6b62\u8d85\u51fa\u7248\u6743\u6cd5\u89c4\u5b9a\u8303\u56f4\u7684\u590d\u5236\u3001\u4fee\u6539\u3001\u4f20\u64ad\u548c\u4efb\u4f55\u5f62\u5f0f\u7684\u5229\u7528\u3002\u672c\u9875\u9762\u7684\u4e0b\u8f7d\u548c\u590d\u5236\u4ec5\u9650\u4e8e\u79c1\u4eba\u975e\u5546\u4e1a\u7528\u9014\u3002<\/p>\r\n\r\n\r\n\r\n<p>\u5728\u672c\u9875\u9762\u7684\u5185\u5bb9\u4e0d\u662f\u7531\u8fd0\u8425\u8005\u521b\u5efa\u7684\u60c5\u51b5\u4e0b\uff0c\u6211\u4eec\u5c06\u5c0a\u91cd\u7b2c\u4e09\u65b9\u7684\u7248\u6743\u3002\u7279\u522b\u662f\uff0c\u7b2c\u4e09\u65b9\u5185\u5bb9\u5c06\u4f1a\u88ab\u6807\u793a\u4e3a\u8fd9\u6837\u7684\u5185\u5bb9\u3002\u5982\u679c\u60a8\u53d1\u73b0\u6709\u4fb5\u72af\u7248\u6743\u7684\u60c5\u51b5\uff0c\u8bf7\u60a8\u63d0\u4f9b\u76f8\u5e94\u7684\u63d0\u793a\u3002\u4e00\u65e6\u53d1\u73b0\u6709\u4fb5\u72af\u6cd5\u5f8b\u7684\u884c\u4e3a\uff0c\u6211\u4eec\u5c06\u7acb\u5373\u5220\u9664\u76f8\u5173\u5185\u5bb9\u3002<\/p>\r\n\r\n\r\n\r\n<p>&nbsp;<\/p>","protected":false},"excerpt":{"rendered":"<p>Impressum Verantwortlicher Seitenbetreiber: NOVA Coating Nord GmbHKleinewefersstra\u00dfe 147803 Krefeld Angaben gem\u00e4\u00df \u00a7 5 TMG NOVA Coating Nord GmbHKleinewefersstra\u00dfe 147803 Krefeld Handelsregister: HRB 17097Registergericht: Amtsgericht Krefeld &nbsp; NOVA Coating S\u00fcd GmbHHaldenloh B 286465 Welden Handelsregister: HRB 35712 Registergericht: Amtsgericht N\u00fcrnberg &nbsp; NOVA Coating West GmbHBenzstr. 2175433 Maulbronn Handelsregister: HRB 742418Registergericht: Amtsgericht Mannheim &nbsp; &nbsp; Vertreten durch&hellip;<\/p>","protected":false},"author":1,"featured_media":0,"parent":0,"menu_order":15,"comment_status":"closed","ping_status":"closed","template":"","meta":{"footnotes":""},"class_list":["post-2281","page","type-page","status-publish","hentry","description-off"],"_links":{"self":[{"href":"https:\/\/nova-coating.de\/zh\/wp-json\/wp\/v2\/pages\/2281","targetHints":{"allow":["GET"]}}],"collection":[{"href":"https:\/\/nova-coating.de\/zh\/wp-json\/wp\/v2\/pages"}],"about":[{"href":"https:\/\/nova-coating.de\/zh\/wp-json\/wp\/v2\/types\/page"}],"author":[{"embeddable":true,"href":"https:\/\/nova-coating.de\/zh\/wp-json\/wp\/v2\/users\/1"}],"replies":[{"embeddable":true,"href":"https:\/\/nova-coating.de\/zh\/wp-json\/wp\/v2\/comments?post=2281"}],"version-history":[{"count":13,"href":"https:\/\/nova-coating.de\/zh\/wp-json\/wp\/v2\/pages\/2281\/revisions"}],"predecessor-version":[{"id":3351,"href":"https:\/\/nova-coating.de\/zh\/wp-json\/wp\/v2\/pages\/2281\/revisions\/3351"}],"wp:attachment":[{"href":"https:\/\/nova-coating.de\/zh\/wp-json\/wp\/v2\/media?parent=2281"}],"curies":[{"name":"wp","href":"https:\/\/api.w.org\/{rel}","templated":true}]}}