{"id":53,"date":"2016-02-07T10:05:39","date_gmt":"2016-02-07T10:05:39","guid":{"rendered":"https:\/\/the7.io\/marketing-agency\/?page_id=53"},"modified":"2025-04-29T08:43:08","modified_gmt":"2025-04-29T06:43:08","slug":"kontakt","status":"publish","type":"page","link":"https:\/\/nova-coating.de\/en\/kontakt","title":{"rendered":"Contact"},"content":{"rendered":"<div class=\"wpb-content-wrapper\"><div class=\"vc_row wpb_row vc_row-fluid vc_custom_1529513148816 vc_row-o-equal-height vc_row-o-content-top vc_row-flex\"><div class=\"wpb_column vc_column_container vc_col-sm-12 vc_col-lg-offset-2 vc_col-lg-8 vc_col-md-offset-1 vc_col-md-10\"><div class=\"vc_column-inner\"><div class=\"wpb_wrapper\"><div id=\"ultimate-heading-731569e8b3dd262ed\" class=\"uvc-heading ult-adjust-bottom-margin ultimate-heading-731569e8b3dd262ed uvc-7551 accent-border-color\" data-hspacer=\"line_only\"  data-halign=\"center\" style=\"text-align:center\"><div class=\"uvc-main-heading ult-responsive\"  data-ultimate-target='.uvc-heading.ultimate-heading-731569e8b3dd262ed h2'  data-responsive-json-new='{\"font-size\":\"desktop:44px;tablet_portrait:30px;\",\"line-height\":\"desktop:54px;tablet_portrait:40px;\"}' ><h2 style=\"font-weight:bold;margin-bottom:10px;\">We are here for you!<\/h2><\/div><div class=\"uvc-heading-spacer line_only\" style=\"margin-bottom:40px;height:5px;\"><span class=\"uvc-headings-line\" style=\"border-style:solid;border-bottom-width:5px;border-color:;width:120px;\"><\/span><\/div><div class=\"uvc-sub-heading ult-responsive\"  data-ultimate-target='.uvc-heading.ultimate-heading-731569e8b3dd262ed .uvc-sub-heading '  data-responsive-json-new='{\"font-size\":\"desktop:22px;mobile_landscape:16px;\",\"line-height\":\"desktop:32px;mobile_landscape:26px;\"}'  style=\"font-style:italic;font-weight:normal;color:#333333;margin-bottom:70px;\">Sie finden uns an f\u00fcnf Standorten weltweit, davon drei in Deutschland<\/div><\/div><\/div><\/div><\/div><div class=\"wpb_column vc_column_container vc_col-sm-12\"><div class=\"vc_column-inner\"><div class=\"wpb_wrapper\"><div class=\"vc_row wpb_row vc_inner vc_row-fluid vc_row-o-equal-height vc_row-o-content-top vc_row-flex\"><div class=\"wpb_column vc_column_container vc_col-sm-6\"><div class=\"vc_column-inner vc_custom_1491746397816\"><div class=\"wpb_wrapper\"><div class=\"wpb_gmaps_widget wpb_content_element\"><h2 class=\"wpb_heading wpb_map_heading\">Nova Coating Nord<\/h2><div class=\"wpb_wrapper\"><div class=\"wpb_map_wraper\"><iframe src=\"https:\/\/www.google.com\/maps\/embed?pb=!1m18!1m12!1m3!1d623.0060186864627!2d6.538752886389356!3d51.34746792155666!2m3!1f0!2f0!3f0!3m2!1i1024!2i768!4f13.1!3m3!1m2!1s0x47b8a569eeba44a9%3A0x7d4337944da8d433!2sKleinewefersstra%C3%9Fe%201%2C%2047803%20Krefeld!5e0!3m2!1sde!2sde!4v1569532568300!5m2!1sde!2sde\" width=\"600\" height=\"450\" frameborder=\"0\" style=\"border:0;\" allowfullscreen=\"\"><\/iframe><\/div><\/div><\/div>\n\t<div class=\"wpb_text_column wpb_content_element  vc_custom_1569791331288\" >\n\t\t<div class=\"wpb_wrapper\">\n\t\t\t<h4 style=\"text-align: left;\"><span style=\"color: #333333;\"><strong>NOVA Coating Nord GmbH<\/strong><\/span><\/h4>\n<h4 style=\"text-align: left;\">Kleinewefersstra\u00dfe 1<br \/>\n47803 Krefeld<\/h4>\n\n\t\t<\/div>\n\t<\/div>\n\n\t<div class=\"wpb_text_column wpb_content_element  vc_custom_1569791366528\" >\n\t\t<div class=\"wpb_wrapper\">\n\t\t\t<h4 style=\"text-align: left;\"><span style=\"color: #333333;\">T.: +49 2151 38745 00<br \/>\n<\/span>F.: +49 2151 38745 22<br \/>\nM.: info@nova-coating.de<\/h4>\n\n\t\t<\/div>\n\t<\/div>\n<\/div><\/div><\/div><div class=\"wpb_column vc_column_container vc_col-sm-6\"><div class=\"vc_column-inner vc_custom_1491746388981\"><div class=\"wpb_wrapper\"><div class=\"wpb_gmaps_widget wpb_content_element\"><h2 class=\"wpb_heading wpb_map_heading\">Nova Coating S\u00fcd<\/h2><div class=\"wpb_wrapper\"><div class=\"wpb_map_wraper\"><iframe src=\"https:\/\/www.google.com\/maps\/embed?pb=!1m18!1m12!1m3!1d2645.66412939665!2d10.669391316257723!3d48.46297353641924!2m3!1f0!2f0!3f0!3m2!1i1024!2i768!4f13.1!3m3!1m2!1s0x479eb12c8da8eb81%3A0xdfd5d2de1d7d472f!2sHaldenloh%20B%202%2C%2086465%20Welden!5e0!3m2!1sde!2sde!4v1569532716263!5m2!1sde!2sde\" width=\"600\" height=\"450\" frameborder=\"0\" style=\"border:0;\" allowfullscreen=\"\"><\/iframe><\/div><\/div><\/div>\n\t<div class=\"wpb_text_column wpb_content_element  vc_custom_1569791395820\" >\n\t\t<div class=\"wpb_wrapper\">\n\t\t\t<h4 style=\"text-align: left;\"><span style=\"color: #333333;\"><strong>NOVA Coating S\u00fcd GmbH<\/strong><\/span><\/h4>\n<h4 style=\"text-align: left;\">Haldenloh B 2<br \/>\n86465 Welden<\/h4>\n\n\t\t<\/div>\n\t<\/div>\n\n\t<div class=\"wpb_text_column wpb_content_element  vc_custom_1614602095346\" >\n\t\t<div class=\"wpb_wrapper\">\n\t\t\t<h4 style=\"text-align: left;\"><span style=\"color: #333333;\">T.: +49 8293 96890 00<br \/>\n<\/span>F.: +49 8293 96890 22<br \/>\nM.: info@nova-coating.de<\/h4>\n\n\t\t<\/div>\n\t<\/div>\n<\/div><\/div><\/div><\/div><div class=\"vc_row wpb_row vc_inner vc_row-fluid vc_row-o-equal-height vc_row-o-content-top vc_row-flex\"><div class=\"wpb_column vc_column_container vc_col-sm-6\"><div class=\"vc_column-inner vc_custom_1491746397816\"><div class=\"wpb_wrapper\"><div class=\"wpb_gmaps_widget wpb_content_element\"><h2 class=\"wpb_heading wpb_map_heading\">Nova Coating West<\/h2><div class=\"wpb_wrapper\"><div class=\"wpb_map_wraper\"><iframe src=\"https:\/\/www.google.com\/maps\/embed?pb=!1m14!1m8!1m3!1d1309.0172469829943!2d8.792546!3d48.990901!3m2!1i1024!2i768!4f13.1!3m3!1m2!1s0x479777aa5d617f9f%3A0xbb856a36f2470fbf!2sBenzstr.%2021%2C%2075433%20Maulbronn!5e0!3m2!1sde!2sde!4v1745908908604!5m2!1sde!2sde\" width=\"600\" height=\"450\" style=\"border:0;\" allowfullscreen=\"\" loading=\"lazy\" referrerpolicy=\"no-referrer-when-downgrade\"><\/iframe><\/div><\/div><\/div>\n\t<div class=\"wpb_text_column wpb_content_element  vc_custom_1745908942000\" >\n\t\t<div class=\"wpb_wrapper\">\n\t\t\t<h4 style=\"text-align: left;\"><span style=\"color: #333333;\"><strong>NOVA Coating West GmbH<\/strong><\/span><\/h4>\n<h4 style=\"text-align: left;\">Benzstr. 21<br \/>\n75433 Maulbronn<\/h4>\n\n\t\t<\/div>\n\t<\/div>\n\n\t<div class=\"wpb_text_column wpb_content_element  vc_custom_1745908978830\" >\n\t\t<div class=\"wpb_wrapper\">\n\t\t\t<h4 style=\"text-align: left;\"><span style=\"color: #333333;\">T.: +49 7043 96991 0<br \/>\nF.: +49 7043 96991 22<br \/>\nM.: info@nova-coating.de<\/h4>\n\n\t\t<\/div>\n\t<\/div>\n<\/div><\/div><\/div><div class=\"wpb_column vc_column_container vc_col-sm-6\"><div class=\"vc_column-inner vc_custom_1491746388981\"><div class=\"wpb_wrapper\"><div class=\"wpb_gmaps_widget wpb_content_element\"><h2 class=\"wpb_heading wpb_map_heading\">Nova Coating Indien<\/h2><div class=\"wpb_wrapper\"><div class=\"wpb_map_wraper\"><iframe src=\"https:\/\/www.google.com\/maps\/embed?pb=!1m18!1m12!1m3!1d472.5359157557011!2d73.83270754959871!3d18.651098200000007!2m3!1f0!2f0!3f0!3m2!1i1024!2i768!4f13.1!3m3!1m2!1s0x3bc2b80ef9af280d%3A0xf982c29e59f7e51d!2sUnitherm%20nova%20coating%20india!5e0!3m2!1sen!2sde!4v1745908611464!5m2!1sen!2sde\" width=\"600\" height=\"450\" style=\"border:0;\" allowfullscreen=\"\" loading=\"lazy\" referrerpolicy=\"no-referrer-when-downgrade\"><\/iframe><\/div><\/div><\/div>\n\t<div class=\"wpb_text_column wpb_content_element  vc_custom_1745908716213\" >\n\t\t<div class=\"wpb_wrapper\">\n\t\t\t<h4 style=\"text-align: left;\"><span style=\"color: #333333;\"><strong>Unitherm Nova Coating India Pvt Ltd<\/strong><\/span><\/h4>\n<h4 style=\"text-align: left;\">302, Sector 10, Sector 17\/19, MIDC, Bhosari<br \/>\nPimpri-Chinchwad, Maharashtra<br \/>\nIndia<\/h4>\n\n\t\t<\/div>\n\t<\/div>\n\n\t<div class=\"wpb_text_column wpb_content_element  vc_custom_1745908754871\" >\n\t\t<div class=\"wpb_wrapper\">\n\t\t\t<h4 style=\"text-align: left;\"><span style=\"color: #333333;\">T.: +91 9225093798<br \/>\n<\/span>M.: info@unc-india.com<\/h4>\n\n\t\t<\/div>\n\t<\/div>\n<\/div><\/div><\/div><\/div><div class=\"vc_row wpb_row vc_inner vc_row-fluid vc_row-o-equal-height vc_row-o-content-top vc_row-flex\"><div class=\"wpb_column vc_column_container vc_col-sm-6\"><div class=\"vc_column-inner vc_custom_1491746397816\"><div class=\"wpb_wrapper\"><div class=\"wpb_gmaps_widget wpb_content_element\"><h2 class=\"wpb_heading wpb_map_heading\">Nova Coating China<\/h2><div class=\"wpb_wrapper\"><div class=\"wpb_map_wraper\"><iframe src=\"https:\/\/www.google.com\/maps\/embed?pb=!1m17!1m12!1m3!1d3408.5151308546533!2d120.6790701755219!3d31.317143813712434!2m3!1f0!2f0!3f0!3m2!1i1024!2i768!4f13.1!3m2!1m1!2zMzHCsDE5JzAxLjAiTiAxMjDCsDQwJzQ0LjAiRQ!5e0!3m2!1sen!2sde!4v1745907522409!5m2!1sen!2sde\" width=\"600\" height=\"450\" style=\"border:0;\" allowfullscreen=\"\" loading=\"lazy\" referrerpolicy=\"no-referrer-when-downgrade\"><\/iframe><\/div><\/div><\/div>\n\t<div class=\"wpb_text_column wpb_content_element  vc_custom_1745908825956\" >\n\t\t<div class=\"wpb_wrapper\">\n\t\t\t<h4 style=\"text-align: left;\"><span style=\"color: #333333;\"><strong>Suzhou NOVA Coating Co., Ltd<\/strong><\/span><\/h4>\n<h4 style=\"text-align: left;\">Raum 3207, Block 2, Gate of the Orient Building<br \/>\n199 Sing Kong Street<br \/>\nIndustriepark Suzhou (SIP)<br \/>\nP.R. China<\/h4>\n<h4 style=\"text-align: left;\">\u82cf\u5dde\u7eb3\u74e6\u6d82\u5c42\u6709\u9650\u516c\u53f8<br \/>\n\u661f\u6e2f\u8857 199 \u53f7\u4e1c\u65b9\u4e4b\u95e8\u5927\u53a6 2 \u5e62 3207 \u5ba4<br \/>\n\u82cf\u5dde\u5de5\u4e1a\u56ed\u533a<\/h4>\n\n\t\t<\/div>\n\t<\/div>\n\n\t<div class=\"wpb_text_column wpb_content_element  vc_custom_1745908271922\" >\n\t\t<div class=\"wpb_wrapper\">\n\t\t\t<h4>T.: +86 185 021 36699<br \/>\nM.: tianyu.liu@nova-coating.com<\/h4>\n\n\t\t<\/div>\n\t<\/div>\n<\/div><\/div><\/div><\/div><\/div><\/div><\/div><\/div><div class=\"vc_row wpb_row vc_row-fluid\"><div class=\"wpb_column vc_column_container vc_col-sm-6\"><div class=\"vc_column-inner\"><div class=\"wpb_wrapper\"><form class=\"dt-contact-form dt-form privacy-form\" method=\"post\" action=\"\"><input type=\"hidden\" name=\"widget_id\" value=\"presscore-contact-form-widget--1\" \/><input type=\"hidden\" name=\"send_message\" value=\"\" \/><input type=\"hidden\" name=\"security_token\" value=\"6a388cac277bf073f991\"\/><div class=\"form-fields\"><span class=\"form-name\"><label class=\"assistive-text\">Name *<\/label><input type=\"text\" class=\"validate[required]\" placeholder=\"Name *\" name=\"name\" value=\"\" aria-required=\"true\">\n<\/span><span class=\"form-mail\"><label class=\"assistive-text\">E-mail *<\/label><input type=\"text\" class=\"validate[required,custom[email]]\" placeholder=\"E-mail *\" name=\"email\" value=\"\" aria-required=\"true\">\n<\/span><span class=\"form-telephone\"><label class=\"assistive-text\">Telephone<\/label><input type=\"text\" placeholder=\"Telephone\" name=\"telephone\" value=\"\" aria-required=\"false\">\n<\/span><span class=\"form-country\"><label class=\"assistive-text\">Country<\/label><input type=\"text\" placeholder=\"Country\" name=\"country\" value=\"\" aria-required=\"false\">\n<\/span><\/div><span class=\"form-message\"><label class=\"assistive-text\">Message *<\/label><textarea class=\"validate[required]\" placeholder=\"Message *\" name=\"message\" rows=\"9\" aria-required=\"true\"><\/textarea>\n<\/span><p class=\"the7-form-terms-wrap\"><input type=\"checkbox\" id=\"the7-form-terms-3a0772443a0739141292a5429b952fe6\" name=\"terms\" class=\"validate[required] the7-form-terms\" aria-required=\"true\" \/>&nbsp;<label for=\"the7-form-terms-3a0772443a0739141292a5429b952fe6\"><span class=\"form-terms-text\">Ich stimme der Datenschutzerkl\u00e4rung zu.<\/span><\/label><\/p><p><a href=\"#\" class=\"dt-btn dt-btn-m dt-btn-submit\" rel=\"nofollow\"><span>Senden<\/span><\/a><input class=\"assistive-text\" type=\"submit\" value=\"submit\"><\/p><input type=\"hidden\" name=\"trp-form-language\" value=\"en\"\/><\/form>\n<\/div><\/div><\/div><div class=\"wpb_column vc_column_container vc_col-sm-6\"><div class=\"vc_column-inner\"><div class=\"wpb_wrapper\"><\/div><\/div><\/div><\/div>\n<\/div>","protected":false},"excerpt":{"rendered":"<p>Wir sind f\u00fcr Sie da!Sie finden uns an f\u00fcnf Standorten weltweit, davon drei in DeutschlandNova Coating Nord NOVA Coating Nord GmbH Kleinewefersstra\u00dfe 1 47803 Krefeld T.: +49 2151 38745 00 F.: +49 2151 38745 22 M.: info@nova-coating.de Nova Coating S\u00fcd NOVA Coating S\u00fcd GmbH Haldenloh B 2 86465 Welden T.: +49 8293 96890 00 F.:&hellip;<\/p>","protected":false},"author":1,"featured_media":0,"parent":0,"menu_order":50,"comment_status":"closed","ping_status":"closed","template":"","meta":{"footnotes":""},"class_list":["post-53","page","type-page","status-publish","hentry","description-off"],"_links":{"self":[{"href":"https:\/\/nova-coating.de\/en\/wp-json\/wp\/v2\/pages\/53","targetHints":{"allow":["GET"]}}],"collection":[{"href":"https:\/\/nova-coating.de\/en\/wp-json\/wp\/v2\/pages"}],"about":[{"href":"https:\/\/nova-coating.de\/en\/wp-json\/wp\/v2\/types\/page"}],"author":[{"embeddable":true,"href":"https:\/\/nova-coating.de\/en\/wp-json\/wp\/v2\/users\/1"}],"replies":[{"embeddable":true,"href":"https:\/\/nova-coating.de\/en\/wp-json\/wp\/v2\/comments?post=53"}],"version-history":[{"count":17,"href":"https:\/\/nova-coating.de\/en\/wp-json\/wp\/v2\/pages\/53\/revisions"}],"predecessor-version":[{"id":3823,"href":"https:\/\/nova-coating.de\/en\/wp-json\/wp\/v2\/pages\/53\/revisions\/3823"}],"wp:attachment":[{"href":"https:\/\/nova-coating.de\/en\/wp-json\/wp\/v2\/media?parent=53"}],"curies":[{"name":"wp","href":"https:\/\/api.w.org\/{rel}","templated":true}]}}