{"id":2446,"date":"2019-09-25T00:06:52","date_gmt":"2019-09-24T22:06:52","guid":{"rendered":"http:\/\/s793858876.online.de\/?page_id=2446"},"modified":"2020-05-12T21:30:15","modified_gmt":"2020-05-12T19:30:15","slug":"strahlprozesse","status":"publish","type":"page","link":"https:\/\/nova-coating.de\/en\/dienstleistungen\/strahlprozesse","title":{"rendered":"Blasting processes"},"content":{"rendered":"<div class=\"wpb-content-wrapper\"><div class=\"vc_row wpb_row vc_row-fluid vc_custom_1491748274178 vc_row-o-equal-height vc_row-o-content-middle vc_row-flex\"><div class=\"wpb_column vc_column_container vc_col-sm-12 vc_col-lg-offset-2 vc_col-lg-8 vc_col-md-offset-1 vc_col-md-10\"><div class=\"vc_column-inner\"><div class=\"wpb_wrapper\"><div id=\"ultimate-heading-174769e8b5083d935\" class=\"uvc-heading ult-adjust-bottom-margin ultimate-heading-174769e8b5083d935 uvc-5640 accent-border-color\" data-hspacer=\"line_only\"  data-halign=\"center\" style=\"text-align:center\"><div class=\"uvc-main-heading ult-responsive\"  data-ultimate-target='.uvc-heading.ultimate-heading-174769e8b5083d935 h2'  data-responsive-json-new='{\"font-size\":\"desktop:44px;tablet_portrait:30px;\",\"line-height\":\"desktop:54px;tablet_portrait:40px;\"}' ><h2 style=\"font-weight:bold;margin-bottom:10px;\">Blasting processes<\/h2><\/div><div class=\"uvc-heading-spacer line_only\" style=\"margin-bottom:40px;height:5px;\"><span class=\"uvc-headings-line\" style=\"border-style:solid;border-bottom-width:5px;border-color:;width:120px;\"><\/span><\/div><\/div><\/div><\/div><\/div><div class=\"wpb_column vc_column_container vc_col-sm-12\"><div class=\"vc_column-inner\"><div class=\"wpb_wrapper\"><div class=\"vc_row wpb_row vc_inner vc_row-fluid vc_row-o-equal-height vc_row-o-content-middle vc_row-flex\"><div class=\"wpb_column vc_column_container vc_col-sm-6\"><div class=\"vc_column-inner vc_custom_1491746388981\"><div class=\"wpb_wrapper\"><style type=\"text\/css\" data-type=\"the7_shortcodes-inline-css\">.shortcode-single-image-wrap.shortcode-single-image-e321441be6ad021c19258e186771286b.enable-bg-rollover .rollover i,\n.shortcode-single-image-wrap.shortcode-single-image-e321441be6ad021c19258e186771286b.enable-bg-rollover .rollover-video i {\n  background: ;\n  background: -webkit-linear-gradient();\n  background: linear-gradient();\n}\n.shortcode-single-image-wrap.shortcode-single-image-e321441be6ad021c19258e186771286b .rollover-icon {\n  font-size: 32px;\n  color: #ffffff;\n  min-width: 44px;\n  min-height: 44px;\n  line-height: 44px;\n  border-radius: 100px;\n  border-style: solid;\n  border-width: 0px;\n}\n.dt-icon-bg-on.shortcode-single-image-wrap.shortcode-single-image-e321441be6ad021c19258e186771286b .rollover-icon {\n  background: rgba(255,255,255,0.3);\n  box-shadow: none;\n}\n<\/style><div class=\"shortcode-single-image-wrap shortcode-single-image-e321441be6ad021c19258e186771286b alignnone  enable-bg-rollover dt-icon-bg-off\" style=\"margin-top:0px; margin-bottom:0px; margin-left:0px; margin-right:0px; width:1000px;\"><div class=\"shortcode-single-image\"><div class=\"fancy-media-wrap  layzr-bg\" style=\"\"><img fetchpriority=\"high\" decoding=\"async\" class=\"preload-me lazy-load aspect\" src=\"data:image\/svg+xml,%3Csvg%20xmlns%3D&#39;http%3A%2F%2Fwww.w3.org%2F2000%2Fsvg&#39;%20viewBox%3D&#39;0%200%20481%20336&#39;%2F%3E\" data-src=\"https:\/\/nova-coating.de\/wp-content\/uploads\/2019\/09\/PVD-1-481x336.jpg\" data-srcset=\"https:\/\/nova-coating.de\/wp-content\/uploads\/2019\/09\/PVD-1-481x336.jpg 481w\" loading=\"eager\" sizes=\"(max-width: 481px) 100vw, 481px\" width=\"481\" height=\"336\"  data-dt-location=\"https:\/\/nova-coating.de\/en\/dienstleistungen\/pvd-beschichtung\/pvd-1\" style=\"--ratio: 481 \/ 336;\" alt=\"\" \/><\/div><\/div><\/div><\/div><\/div><\/div><div class=\"wpb_column vc_column_container vc_col-sm-6\"><div class=\"vc_column-inner vc_custom_1491746397816\"><div class=\"wpb_wrapper\">\n\t<div class=\"wpb_text_column wpb_content_element  vc_custom_1589311790671\" >\n\t\t<div class=\"wpb_wrapper\">\n\t\t\t<p class=\"translation-block\"><span data-contrast=\"auto\">The surface preparation suitable for coating requires special attention, as residues such as oxides (rust), connection layers from nitriding processes, eroded skin, damaged surfaces due to hard turning and hard milling, etc. negatively impact the adhesion of the functional layer. This must be avoided at all costs!<\/span><span>\u00a0<\/span><\/p>\n<p><span data-contrast=\"auto\">For optimal surface preparation, we use wet and dry blasting methods with different blasting media, particle shapes, and particle sizes.<\/span><span data-ccp-props=\"{&quot;134233117&quot;:true,&quot;134233118&quot;:true,&quot;201341983&quot;:0,&quot;335559739&quot;:160,&quot;335559740&quot;:240}\">\u00a0<\/span><\/p>\n<p><span data-ccp-props=\"{&quot;134233117&quot;:true,&quot;134233118&quot;:true,&quot;201341983&quot;:0,&quot;335559739&quot;:160,&quot;335559740&quot;:240}\">\u00a0<\/span><\/p>\n<p><b><span data-contrast=\"auto\">Plant technology:<\/span><\/b><span data-ccp-props=\"{&quot;134233117&quot;:true,&quot;134233118&quot;:true,&quot;201341983&quot;:0,&quot;335559739&quot;:160,&quot;335559740&quot;:240}\">\u00a0<\/span><\/p>\n<p><em>Micro-blasting machine (injector beam method)\u00a0<\/em><\/p>\n<p class=\"translation-block\"><span data-contrast=\"auto\">Working mass: 1300 mm x 800 mm x 800 mm<span>\u00a0<\/span><\/p>\n<p class=\"translation-block\"><span data-contrast=\"auto\">Fine-grained and defined with regards to grain geometry, grain size, and grain hardness blasting media can be evenly applied to different surfaces, for example metal parts, for cleaning, rust removal, microdeburring, roughening, and lapping.<span>\u00a0<\/span><\/p>\n<p><span data-contrast=\"auto\">The micro-blasting method is used when the desired blasting intensity must not be too high, when punctual blasting and uniform blasting of smaller surfaces is required.<\/span><span data-ccp-props=\"{&quot;201341983&quot;:0,&quot;335559739&quot;:160,&quot;335559740&quot;:259}\">\u00a0<\/span><\/p>\n<p><span data-contrast=\"auto\">The micro-blasting method provides reproducible surfaces and no foreign particles are introduced into the process.<\/span><span data-ccp-props=\"{&quot;201341983&quot;:0,&quot;335559739&quot;:160,&quot;335559740&quot;:259}\">\u00a0<\/span><\/p>\n<p class=\"translation-block\"><span data-contrast=\"auto\">The creation of decorative surfaces is possible, as well as a targeted increase in the supporting component for technical processes.<span>\u00a0<\/span><\/p>\n<p><em>Abrasive blasting machine (pressure beam method)\u00a0<\/em><\/p>\n<p class=\"translation-block\"><span data-contrast=\"auto\">Working mass: 1300 mm x 800 mm x 800 mm<\/span><span>\u00a0<\/span><\/p>\n\n\t\t<\/div>\n\t<\/div>\n<\/div><\/div><\/div><\/div><\/div><\/div><\/div><\/div><div class=\"vc_row wpb_row vc_row-fluid vc_custom_1529516508136 vc_row-o-equal-height vc_row-o-content-middle vc_row-flex\"><div class=\"wpb_column vc_column_container vc_col-sm-12\"><div class=\"vc_column-inner\"><div class=\"wpb_wrapper\"><div class=\"vc_row wpb_row vc_inner vc_row-fluid vc_row-o-equal-height vc_row-o-content-middle vc_row-flex\"><div class=\"wpb_column vc_column_container vc_col-sm-6\"><div class=\"vc_column-inner vc_custom_1491746388981\"><div class=\"wpb_wrapper\"><style type=\"text\/css\" data-type=\"the7_shortcodes-inline-css\">.shortcode-single-image-wrap.shortcode-single-image-0325352ef1a96cc471285be7144a2703.enable-bg-rollover .rollover i,\n.shortcode-single-image-wrap.shortcode-single-image-0325352ef1a96cc471285be7144a2703.enable-bg-rollover .rollover-video i {\n  background: ;\n  background: -webkit-linear-gradient();\n  background: linear-gradient();\n}\n.shortcode-single-image-wrap.shortcode-single-image-0325352ef1a96cc471285be7144a2703 .rollover-icon {\n  font-size: 32px;\n  color: #ffffff;\n  min-width: 44px;\n  min-height: 44px;\n  line-height: 44px;\n  border-radius: 100px;\n  border-style: solid;\n  border-width: 0px;\n}\n.dt-icon-bg-on.shortcode-single-image-wrap.shortcode-single-image-0325352ef1a96cc471285be7144a2703 .rollover-icon {\n  background: rgba(255,255,255,0.3);\n  box-shadow: none;\n}\n<\/style><div class=\"shortcode-single-image-wrap shortcode-single-image-0325352ef1a96cc471285be7144a2703 alignnone  enable-bg-rollover dt-icon-bg-off\" style=\"margin-top:0px; margin-bottom:0px; margin-left:0px; margin-right:0px; width:1000px;\"><div class=\"shortcode-single-image\"><div class=\"fancy-media-wrap\" style=\"\"><a href=\"http:\/\/s793858876.online.de\/kontakt\" class=\"layzr-bg rollover\" style=\"\" aria-label=\"Image\"><img decoding=\"async\" class=\"preload-me lazy-load aspect\" src=\"data:image\/svg+xml,%3Csvg%20xmlns%3D&#39;http%3A%2F%2Fwww.w3.org%2F2000%2Fsvg&#39;%20viewBox%3D&#39;0%200%20667%20467&#39;%2F%3E\" data-src=\"https:\/\/nova-coating.de\/wp-content\/uploads\/2019\/10\/Kontakt-Nova-667x467.png\" data-srcset=\"https:\/\/nova-coating.de\/wp-content\/uploads\/2019\/10\/Kontakt-Nova-667x467.png 667w\" loading=\"eager\" style=\"--ratio: 667 \/ 467\" sizes=\"(max-width: 667px) 100vw, 667px\" width=\"667\" height=\"467\"  data-dt-location=\"https:\/\/nova-coating.de\/en\/dienstleistungen\/pvd-beschichtung\/kontakt-nova\" alt=\"\" \/><\/a><\/div><\/div><\/div><\/div><\/div><\/div><div class=\"wpb_column vc_column_container vc_col-sm-6\"><div class=\"vc_column-inner vc_custom_1491746397816\"><div class=\"wpb_wrapper\"><\/div><\/div><\/div><\/div><\/div><\/div><\/div><\/div><!-- Row Backgrounds --><div class=\"upb_color\" data-bg-override=\"ex-full\" data-bg-color=\"rgba(170,170,170,0.1)\" data-fadeout=\"\" data-fadeout-percentage=\"30\" data-parallax-content=\"\" data-parallax-content-sense=\"30\" data-row-effect-mobile-disable=\"true\" data-img-parallax-mobile-disable=\"true\" data-rtl=\"false\"  data-custom-vc-row=\"\"  data-vc=\"8.6.1\"  data-is_old_vc=\"\"  data-theme-support=\"\"   data-overlay=\"false\" data-overlay-color=\"\" data-overlay-pattern=\"\" data-overlay-pattern-opacity=\"\" data-overlay-pattern-size=\"\"    ><\/div>\n<\/div>","protected":false},"excerpt":{"rendered":"<p>Strahlprozesse Die beschichtungsgerechte Aufbereitung der Oberfl\u00e4chen erfordert besonderes Augenmerk, da R\u00fcckst\u00e4nde wie Oxide (Rost), Verbindungsschichten von Nitrierprozessen,\u202fErodierhaut, gesch\u00e4digte Oberfl\u00e4chen durch Hartdrehen und Hartfr\u00e4sen etc. sich negativ auf die Schichthaftung der Funktionsschicht auswirken. Dies gilt es zwingend zu vermeiden!\u202f\u00a0 F\u00fcr die optimale Pr\u00e4paration der Oberfl\u00e4che setzten wir Nass- und Trockenstrahlverfahren mit unterschiedlichen Strahlmedien, Partikelformen und Partikelgr\u00f6\u00dfen&hellip;<\/p>","protected":false},"author":1,"featured_media":0,"parent":47,"menu_order":6,"comment_status":"closed","ping_status":"closed","template":"","meta":{"footnotes":""},"class_list":["post-2446","page","type-page","status-publish","hentry","description-off"],"_links":{"self":[{"href":"https:\/\/nova-coating.de\/en\/wp-json\/wp\/v2\/pages\/2446","targetHints":{"allow":["GET"]}}],"collection":[{"href":"https:\/\/nova-coating.de\/en\/wp-json\/wp\/v2\/pages"}],"about":[{"href":"https:\/\/nova-coating.de\/en\/wp-json\/wp\/v2\/types\/page"}],"author":[{"embeddable":true,"href":"https:\/\/nova-coating.de\/en\/wp-json\/wp\/v2\/users\/1"}],"replies":[{"embeddable":true,"href":"https:\/\/nova-coating.de\/en\/wp-json\/wp\/v2\/comments?post=2446"}],"version-history":[{"count":6,"href":"https:\/\/nova-coating.de\/en\/wp-json\/wp\/v2\/pages\/2446\/revisions"}],"predecessor-version":[{"id":2905,"href":"https:\/\/nova-coating.de\/en\/wp-json\/wp\/v2\/pages\/2446\/revisions\/2905"}],"up":[{"embeddable":true,"href":"https:\/\/nova-coating.de\/en\/wp-json\/wp\/v2\/pages\/47"}],"wp:attachment":[{"href":"https:\/\/nova-coating.de\/en\/wp-json\/wp\/v2\/media?parent=2446"}],"curies":[{"name":"wp","href":"https:\/\/api.w.org\/{rel}","templated":true}]}}