{"id":2281,"date":"2019-08-29T01:40:45","date_gmt":"2019-08-28T23:40:45","guid":{"rendered":"http:\/\/s793858876.online.de\/?page_id=2281"},"modified":"2022-07-04T20:14:23","modified_gmt":"2022-07-04T18:14:23","slug":"impressum","status":"publish","type":"page","link":"https:\/\/nova-coating.de\/en\/impressum","title":{"rendered":"Imprint"},"content":{"rendered":"<h2 class=\"wp-block-heading\">Imprint<\/h2>\r\n\r\n\r\n\r\n<h2 class=\"wp-block-heading\">Verantwortlicher Seitenbetreiber:<\/h2>\r\n\r\n\r\n\r\n<p>NOVA Coating Nord GmbH<br \/>Kleinewefersstra\u00dfe 1<br \/>47803 Krefeld<\/p>\r\n\r\n\r\n\r\n<h2 class=\"wp-block-heading\">Angaben gem\u00e4\u00df \u00a7 5 TMG<\/h2>\r\n\r\n\r\n\r\n<p>NOVA Coating Nord GmbH<br \/>Kleinewefersstra\u00dfe 1<br \/>47803 Krefeld<\/p>\r\n\r\n\r\n\r\n<p>Handelsregister: HRB 17097<br \/>Registergericht: Amtsgericht Krefeld<\/p>\r\n\r\n\r\n\r\n<p>&nbsp;<\/p>\r\n<p>NOVA Coating S\u00fcd GmbH<br \/>Haldenloh B 2<br \/>86465 Welden<\/p>\r\n\r\n\r\n\r\n<p>Handelsregister: HRB 35712 <br \/>Registergericht: Amtsgericht N\u00fcrnberg<\/p>\r\n<p>&nbsp;<\/p>\r\n<p>NOVA Coating West GmbH<br \/>Benzstr. 21<br \/>75433 Maulbronn<\/p>\r\n<p>\r\n\r\n<\/p>\r\n<p>Handelsregister: HRB 742418<br \/>Registergericht: Amtsgericht Mannheim<\/p>\r\n\r\n\r\n\r\n<p>&nbsp;<\/p>\r\n<p>&nbsp;<\/p>\r\n\r\n\r\n\r\n<p><strong>Vertreten durch die Gesch\u00e4ftsf\u00fchrer:<\/strong><br \/>Christian P. Kolb<br \/>Frank Theisejans<\/p>\r\n\r\n\r\n\r\n<h2 class=\"wp-block-heading\">Contact<\/h2>\r\n\r\n\r\n\r\n<p>Telefon: +49 (0) 2151 38745 00<br \/>Telefax: +49 (0) 2151 38745 22<br \/>E-Mail: info@nova-coating.de<\/p>\r\n\r\n\r\n\r\n<h2 class=\"wp-block-heading\">Umsatzsteuer-ID<\/h2>\r\n\r\n\r\n\r\n<p>Umsatzsteuer-Identifikationsnummer gem\u00e4\u00df \u00a727 a Umsatzsteuergesetz:<br \/>DE321848223<\/p>\r\n\r\n\r\n\r\n<h2 class=\"wp-block-heading\">Streitschlichtung<\/h2>\r\n\r\n\r\n\r\n<p>Die Europ\u00e4ische Kommission stellt eine Plattform zur Online-Streitbeilegung (OS) bereit: <a href=\"https:\/\/ec.europa.eu\/consumers\/odr\" target=\"_blank\" rel=\"noreferrer noopener\">https:\/\/ec.europa.eu\/consumers\/odr<\/a>.<br \/>Unsere E-Mail-Adresse finden Sie oben im Impressum.<\/p>\r\n\r\n\r\n\r\n<p>Wir sind nicht bereit oder verpflichtet, an Streitbeilegungsverfahren vor einer Verbraucherschlichtungsstelle teilzunehmen.<\/p>\r\n\r\n\r\n\r\n<h3 class=\"wp-block-heading\">Haftung f\u00fcr Inhalte<\/h3>\r\n\r\n\r\n\r\n<p>Als Diensteanbieter sind wir gem\u00e4\u00df \u00a7 7 Abs.1 TMG f\u00fcr eigene Inhalte auf diesen Seiten nach den allgemeinen Gesetzen verantwortlich. Nach \u00a7\u00a7 8 bis 10 TMG sind wir als Diensteanbieter jedoch nicht verpflichtet, \u00fcbermittelte oder gespeicherte fremde Informationen zu \u00fcberwachen oder nach Umst\u00e4nden zu forschen, die auf eine rechtswidrige T\u00e4tigkeit hinweisen.<\/p>\r\n\r\n\r\n\r\n<p>Verpflichtungen zur Entfernung oder Sperrung der Nutzung von Informationen nach den allgemeinen Gesetzen bleiben hiervon unber\u00fchrt. Eine diesbez\u00fcgliche Haftung ist jedoch erst ab dem Zeitpunkt der Kenntnis einer konkreten Rechtsverletzung m\u00f6glich. Bei Bekanntwerden von entsprechenden Rechtsverletzungen werden wir diese Inhalte umgehend entfernen.<\/p>\r\n\r\n\r\n\r\n<h3 class=\"wp-block-heading\">Haftung f\u00fcr Links<\/h3>\r\n\r\n\r\n\r\n<p>Unser Angebot enth\u00e4lt Links zu externen Websites Dritter, auf deren Inhalte wir keinen Einfluss haben. Deshalb k\u00f6nnen wir f\u00fcr diese fremden Inhalte auch keine Gew\u00e4hr \u00fcbernehmen. F\u00fcr die Inhalte der verlinkten Seiten ist stets der jeweilige Anbieter oder Betreiber der Seiten verantwortlich. Die verlinkten Seiten wurden zum Zeitpunkt der Verlinkung auf m\u00f6gliche Rechtsverst\u00f6\u00dfe \u00fcberpr\u00fcft. Rechtswidrige Inhalte waren zum Zeitpunkt der Verlinkung nicht erkennbar.<\/p>\r\n\r\n\r\n\r\n<p>Eine permanente inhaltliche Kontrolle der verlinkten Seiten ist jedoch ohne konkrete Anhaltspunkte einer Rechtsverletzung nicht zumutbar. Bei Bekanntwerden von Rechtsverletzungen werden wir derartige Links umgehend entfernen.<\/p>\r\n\r\n\r\n\r\n<h3 class=\"wp-block-heading\">Urheberrecht<\/h3>\r\n\r\n\r\n\r\n<p>Die durch die Seitenbetreiber erstellten Inhalte und Werke auf diesen Seiten unterliegen dem deutschen Urheberrecht. Die Vervielf\u00e4ltigung, Bearbeitung, Verbreitung und jede Art der Verwertung au\u00dferhalb der Grenzen des Urheberrechtes bed\u00fcrfen der schriftlichen Zustimmung des jeweiligen Autors bzw. Erstellers. Downloads und Kopien dieser Seite sind nur f\u00fcr den privaten, nicht kommerziellen Gebrauch gestattet.<\/p>\r\n\r\n\r\n\r\n<p>Soweit die Inhalte auf dieser Seite nicht vom Betreiber erstellt wurden, werden die Urheberrechte Dritter beachtet. Insbesondere werden Inhalte Dritter als solche gekennzeichnet. Sollten Sie trotzdem auf eine Urheberrechtsverletzung aufmerksam werden, bitten wir um einen entsprechenden Hinweis. Bei Bekanntwerden von Rechtsverletzungen werden wir derartige Inhalte umgehend entfernen.<\/p>\r\n\r\n\r\n\r\n<p>&nbsp;<\/p>","protected":false},"excerpt":{"rendered":"<p>Impressum Verantwortlicher Seitenbetreiber: NOVA Coating Nord GmbHKleinewefersstra\u00dfe 147803 Krefeld Angaben gem\u00e4\u00df \u00a7 5 TMG NOVA Coating Nord GmbHKleinewefersstra\u00dfe 147803 Krefeld Handelsregister: HRB 17097Registergericht: Amtsgericht Krefeld &nbsp; NOVA Coating S\u00fcd GmbHHaldenloh B 286465 Welden Handelsregister: HRB 35712 Registergericht: Amtsgericht N\u00fcrnberg &nbsp; NOVA Coating West GmbHBenzstr. 2175433 Maulbronn Handelsregister: HRB 742418Registergericht: Amtsgericht Mannheim &nbsp; &nbsp; Vertreten durch&hellip;<\/p>","protected":false},"author":1,"featured_media":0,"parent":0,"menu_order":15,"comment_status":"closed","ping_status":"closed","template":"","meta":{"footnotes":""},"class_list":["post-2281","page","type-page","status-publish","hentry","description-off"],"_links":{"self":[{"href":"https:\/\/nova-coating.de\/en\/wp-json\/wp\/v2\/pages\/2281","targetHints":{"allow":["GET"]}}],"collection":[{"href":"https:\/\/nova-coating.de\/en\/wp-json\/wp\/v2\/pages"}],"about":[{"href":"https:\/\/nova-coating.de\/en\/wp-json\/wp\/v2\/types\/page"}],"author":[{"embeddable":true,"href":"https:\/\/nova-coating.de\/en\/wp-json\/wp\/v2\/users\/1"}],"replies":[{"embeddable":true,"href":"https:\/\/nova-coating.de\/en\/wp-json\/wp\/v2\/comments?post=2281"}],"version-history":[{"count":13,"href":"https:\/\/nova-coating.de\/en\/wp-json\/wp\/v2\/pages\/2281\/revisions"}],"predecessor-version":[{"id":3351,"href":"https:\/\/nova-coating.de\/en\/wp-json\/wp\/v2\/pages\/2281\/revisions\/3351"}],"wp:attachment":[{"href":"https:\/\/nova-coating.de\/en\/wp-json\/wp\/v2\/media?parent=2281"}],"curies":[{"name":"wp","href":"https:\/\/api.w.org\/{rel}","templated":true}]}}