{"id":2280,"date":"2019-08-29T01:40:45","date_gmt":"2019-08-28T23:40:45","guid":{"rendered":"http:\/\/s793858876.online.de\/?page_id=2280"},"modified":"2019-10-07T21:56:41","modified_gmt":"2019-10-07T19:56:41","slug":"einkaufsbedingungen","status":"publish","type":"page","link":"https:\/\/nova-coating.de\/en\/einkaufsbedingungen","title":{"rendered":"Purchase conditions"},"content":{"rendered":"<p style=\"text-align:center\"><strong>Allgemeine Einkaufsbedingungen<\/strong>&nbsp;<\/p>\n\n\n\n<p><strong>\u00a7\u202f1\u202fGeltungsbereich, Form<\/strong>&nbsp;<\/p>\n\n\n\n<p>(1) Die vorliegenden Allgemeinen Einkaufsbedingungen (AEB) gelten f\u00fcr alle&nbsp;Gesch\u00e4ftsbeziehungen mit den&nbsp;Gesch\u00e4ftspartnern und Lieferanten (\u201eVerk\u00e4ufer\u201c)&nbsp;der NOVA Coating Nord GmbH und der NOVA Coating S\u00fcd GmbH. Die AEB gelten nur, wenn der Verk\u00e4ufer Unternehmer (\u00a7\u202f14 BGB), eine juristische Person des \u00f6ffentlichen Rechts oder ein \u00f6ffentlich-rechtliches Sonderverm\u00f6gen ist.&nbsp;<\/p>\n\n\n\n<p>(2) Die AEB gelten insbesondere f\u00fcr Vertr\u00e4ge \u00fcber den Verkauf und\/oder die Lieferung beweglicher Sachen (\u201eWare\u201c), ohne R\u00fccksicht darauf, ob der Verk\u00e4ufer die Ware selbst herstellt oder bei Zulieferern einkauft (\u00a7\u00a7\u202f433, 650 BGB). Sofern nichts&nbsp;anderes&nbsp;vereinbart, gelten die AEB in der zum Zeitpunkt der Bestellung des K\u00e4ufers g\u00fcltigen bzw. jedenfalls in der ihm zuletzt in Textform mitgeteilten Fassung als Rahmenvereinbarung auch f\u00fcr gleichartige k\u00fcnftige Vertr\u00e4ge, ohne dass wir in jedem Einzelfall wieder auf sie hinweisen m\u00fcssten.&nbsp;<\/p>\n\n\n\n<p>(3) Diese AEB gelten ausschlie\u00dflich. Abweichende, entgegenstehende oder erg\u00e4nzende Allgemeine Gesch\u00e4ftsbedingungen des Verk\u00e4ufers werden nur dann und insoweit Vertragsbestandteil, als wir ihrer Geltung ausdr\u00fccklich schriftlich zugestimmt haben. Dieses Zustimmungserfordernis gilt in jedem Fall, beispielsweise auch dann, wenn wir in Kenntnis der Allgemeinen Gesch\u00e4ftsbedingungen des Verk\u00e4ufers dessen Lieferungen vorbehaltlos annehmen.&nbsp;<\/p>\n\n\n\n<p>(4) Im Einzelfall getroffene, individuelle Vereinbarungen mit dem Verk\u00e4ufer (einschlie\u00dflich Nebenabreden, Erg\u00e4nzungen und \u00c4nderungen) haben in jedem Fall Vorrang vor diesen AEB. F\u00fcr den Inhalt derartiger Vereinbarungen ist, vorbehaltlich des Gegenbeweises, ein schriftlicher Vertrag bzw. unsere schriftliche Best\u00e4tigung ma\u00dfgebend.&nbsp;<\/p>\n\n\n\n<p>(5) Rechtserhebliche Erkl\u00e4rungen und Anzeigen des Verk\u00e4ufers in Bezug auf den Vertrag\u202f(zB&nbsp;Fristsetzung, Mahnung, R\u00fccktritt) sind schriftlich,&nbsp;dh&nbsp;in Schrift- oder Textform (zB&nbsp;Brief, E-Mail, Telefax) abzugeben<strong>.&nbsp;<\/strong>Gesetzliche Formvorschriften und weitere Nachweise insbesondere bei Zweifeln \u00fcber die Legitimation des Erkl\u00e4renden bleiben unber\u00fchrt.&nbsp;<\/p>\n\n\n\n<p>(6) Hinweise auf die Geltung gesetzlicher Vorschriften haben nur klarstellende Bedeutung. Auch ohne eine derartige Klarstellung gelten daher die gesetzlichen Vorschriften, soweit sie in diesen AEB nicht unmittelbar abge\u00e4ndert oder ausdr\u00fccklich ausgeschlossen werden.&nbsp;<\/p>\n\n\n\n<p><strong>\u00a7\u202f2 Vertragsschluss<\/strong>&nbsp;<\/p>\n\n\n\n<p>(1) Unsere Bestellung gilt fr\u00fchestens mit schriftlicher Abgabe oder Best\u00e4tigung als verbindlich. Auf offensichtliche Irrt\u00fcmer (zB&nbsp;Schreib- und Rechenfehler) und Unvollst\u00e4ndigkeiten der Bestellung einschlie\u00dflich der Bestellunterlagen hat uns der Verk\u00e4ufer zum Zwecke der Korrektur bzw. Vervollst\u00e4ndigung vor Annahme hinzuweisen; ansonsten gilt der Vertrag als nicht geschlossen.&nbsp;<\/p>\n\n\n\n<p>(2) Der Verk\u00e4ufer ist gehalten, unsere Bestellung innerhalb einer Frist von&nbsp;14 Tagen&nbsp;schriftlich zu best\u00e4tigen oder insbesondere durch Versendung der Ware vorbehaltlos auszuf\u00fchren (Annahme).&nbsp;<\/p>\n\n\n\n<p>Eine versp\u00e4tete Annahme gilt als neues Angebot und bedarf der Annahme durch uns.&nbsp;<\/p>\n\n\n\n<p><strong>\u00a7\u202f3 Lieferzeit und Lieferverzug<\/strong>&nbsp;<\/p>\n\n\n\n<p>(1) Die von uns in der Bestellung angegebene Lieferzeit ist bindend. Wenn die Lieferzeit in der Bestellung nicht angegeben und auch nicht anderweitig vereinbart wurde,&nbsp;gilt der n\u00e4chstm\u00f6gliche Zeitpunkt ab Vertragsschluss als Lieferfrist. Der Verk\u00e4ufer ist verpflichtet, uns unverz\u00fcglich schriftlich in Kenntnis zu setzen, wenn er vereinbarte Lieferzeiten \u2013 aus welchen Gr\u00fcnden auch immer \u2013 voraussichtlich nicht einhalten kann.&nbsp;<\/p>\n\n\n\n<p>(2) Erbringt der Verk\u00e4ufer seine Leistung nicht oder nicht innerhalb der vereinbarten Lieferzeit oder kommt er in Verzug, so bestimmen sich unsere Rechte \u2013 insbesondere auf R\u00fccktritt und Schadensersatz \u2013 nach den gesetzlichen Vorschriften. Die Regelungen in Abs.\u202f3 bleiben unber\u00fchrt.&nbsp;<\/p>\n\n\n\n<p>(3) Ist der Verk\u00e4ufer in Verzug, k\u00f6nnen wir \u2013 neben weitergehenden gesetzlichen Anspr\u00fcchen \u2013 pauschalierten Ersatz unseres Verzugsschadens&nbsp;iHv&nbsp;1% des Nettopreises pro vollendete Kalenderwoche verlangen, insgesamt jedoch nicht mehr als 5% des Nettopreises der versp\u00e4tet gelieferten Ware. Uns bleibt der Nachweis vorbehalten, dass ein h\u00f6herer Schaden entstanden ist. Dem Verk\u00e4ufer bleibt der Nachweis vorbehalten, dass \u00fcberhaupt kein oder nur ein wesentlich geringerer Schaden entstanden ist.&nbsp;<\/p>\n\n\n\n<p><strong>\u00a7\u202f4 Leistung, Lieferung, Gefahr\u00fcbergang, Annahmeverzug<\/strong>&nbsp;<\/p>\n\n\n\n<p>(1) Der Verk\u00e4ufer ist ohne unsere vorherige schriftliche Zustimmung nicht berechtigt, die von ihm geschuldete Leistung durch Dritte (zB&nbsp;Subunternehmer) erbringen zu lassen. Der Verk\u00e4ufer tr\u00e4gt das Beschaffungsrisiko f\u00fcr seine Leistungen, wenn nicht im Einzelfall etwas&nbsp;anderes&nbsp;vereinbart ist (zB&nbsp;Beschr\u00e4nkung auf Vorrat).&nbsp;<\/p>\n\n\n\n<p>(2) Die Lieferung erfolgt innerhalb Deutschlands \u201efrei Haus\u201c an den in der Bestellung angegebenen Ort. Ist der Bestimmungsort nicht angegeben und nichts&nbsp;anderes&nbsp;vereinbart, so hat die Lieferung an unseren Gesch\u00e4ftssitz in&nbsp;Krefeld f\u00fcr die NOVA Coating Nord GmbH bzw. in&nbsp;Welden&nbsp;f\u00fcr die NOVA Coating S\u00fcd GmbH&nbsp;zu erfolgen. Der jeweilige Bestimmungsort ist auch der Erf\u00fcllungsort f\u00fcr die Lieferung und eine etwaige Nacherf\u00fcllung (Bringschuld).&nbsp;<\/p>\n\n\n\n<p>(3) Der Lieferung ist ein Lieferschein unter Angabe von Datum (Ausstellung und Versand), Inhalt der Lieferung (Artikelnummer und Anzahl) sowie unserer Bestellkennung (Datum und Nummer) beizulegen. Fehlt der Lieferschein oder ist er unvollst\u00e4ndig, so haben wir hieraus resultierende Verz\u00f6gerungen der Bearbeitung und Bezahlung nicht zu vertreten. Getrennt vom Lieferschein ist uns eine entsprechende Versandanzeige mit dem gleichen Inhalt zuzusenden.&nbsp;<\/p>\n\n\n\n<p>(4) Die Gefahr des zuf\u00e4lligen Untergangs und der zuf\u00e4lligen Verschlechterung der Sache geht mit \u00dcbergabe am Erf\u00fcllungsort auf uns \u00fcber. Soweit eine Abnahme vereinbart ist, ist diese f\u00fcr den Gefahr\u00fcbergang ma\u00dfgebend. Auch im \u00dcbrigen gelten bei einer Abnahme die gesetzlichen Vorschriften des Werkvertragsrechts entsprechend. Der \u00dcbergabe bzw. Abnahme steht es gleich, wenn wir uns im Annahmeverzug befinden.&nbsp;<\/p>\n\n\n\n<p>(5) F\u00fcr den Eintritt unseres Annahmeverzuges gelten die gesetzlichen Vorschriften. Der Verk\u00e4ufer muss uns seine Leistung aber auch dann ausdr\u00fccklich anbieten, wenn f\u00fcr eine Handlung oder Mitwirkung unsererseits (zB&nbsp;Beistellung von Material) eine bestimmte oder bestimmbare Kalenderzeit vereinbart ist. Geraten wir in Annahmeverzug, so kann der Verk\u00e4ufer nach den gesetzlichen Vorschriften Ersatz seiner Mehraufwendungen verlangen (\u00a7\u202f304 BGB). Betrifft der Vertrag eine vom Verk\u00e4ufer herzustellende, unvertretbare Sache (Einzelanfertigung), so stehen dem Verk\u00e4ufer weitergehende Rechte nur zu, wenn wir uns zur Mitwirkung verpflichtet und das Unterbleiben der Mitwirkung zu vertreten haben.&nbsp;<\/p>\n\n\n\n<p><strong>\u00a7\u202f5 Preise und Zahlungsbedingungen<\/strong>&nbsp;<\/p>\n\n\n\n<p>(1) Der in der Bestellung angegebene Preis ist bindend. Alle Preise verstehen sich einschlie\u00dflich gesetzlicher Umsatzsteuer, wenn diese nicht gesondert ausgewiesen ist.&nbsp;<\/p>\n\n\n\n<p>(2) Sofern im Einzelfall nicht etwas&nbsp;anderes&nbsp;vereinbart ist, schlie\u00dft der Preis alle Leistungen und Nebenleistungen des Verk\u00e4ufers (zB&nbsp;Montage, Einbau) sowie alle Nebenkosten (zB&nbsp;ordnungsgem\u00e4\u00dfe Verpackung, Transportkosten einschlie\u00dflich eventueller Transport- und Haftpflichtversicherung) ein.&nbsp;<\/p>\n\n\n\n<p>(3) Der vereinbarte Preis ist innerhalb von 30 Kalendertagen ab vollst\u00e4ndiger Lieferung und Leistung (einschlie\u00dflich einer ggf. vereinbarten Abnahme) sowie Zugang einer ordnungsgem\u00e4\u00dfen Rechnung zur Zahlung f\u00e4llig. Wenn wir Zahlung innerhalb von 14 Kalendertagen leisten, gew\u00e4hrt uns der Verk\u00e4ufer 3% Skonto auf den Nettobetrag der Rechnung. Bei Bank\u00fcberweisung ist die Zahlung rechtzeitig erfolgt, wenn unser \u00dcberweisungsauftrag vor Ablauf der Zahlungsfrist bei unserer Bank eingeht; f\u00fcr Verz\u00f6gerungen durch die am Zahlungsvorgang beteiligten Banken sind wir nicht verantwortlich.&nbsp;<\/p>\n\n\n\n<p>(4) Wir schulden keine F\u00e4lligkeitszinsen. F\u00fcr den Zahlungsverzug gelten die gesetzlichen Vorschriften.&nbsp;<\/p>\n\n\n\n<p>(5) Aufrechnungs- und Zur\u00fcckbehaltungsrechte sowie die Einrede des nicht erf\u00fcllten Vertrages stehen uns in gesetzlichem Umfang zu. Wir sind insbesondere berechtigt, f\u00e4llige Zahlungen zur\u00fcckzuhalten, solange uns noch Anspr\u00fcche aus unvollst\u00e4ndigen oder mangelhaften Leistungen gegen den Verk\u00e4ufer zustehen.&nbsp;<\/p>\n\n\n\n<p>(6) Der Verk\u00e4ufer hat ein Aufrechnungs- oder Zur\u00fcckbehaltungsrecht nur wegen rechtskr\u00e4ftig festgestellter oder unbestrittener Gegenforderungen.&nbsp;<\/p>\n\n\n\n<p><strong>\u00a7\u202f6 Geheimhaltung und Eigentumsvorbehalt<\/strong>&nbsp;<\/p>\n\n\n\n<p>(1) An Abbildungen, Pl\u00e4nen, Zeichnungen, Berechnungen, Ausf\u00fchrungsanweisungen, Produktbeschreibungen und sonstigen Unterlagen behalten wir uns Eigentums- und Urheberrechte vor. Derartige Unterlagen sind ausschlie\u00dflich f\u00fcr die vertragliche Leistung zu verwenden und nach Erledigung des Vertrags an uns zur\u00fcckzugeben. Gegen\u00fcber Dritten sind die Unterlagen geheim zu halten, und zwar auch nach Beendigung des Vertrags. Die Geheimhaltungsverpflichtung erlischt erst, wenn und soweit das in den \u00fcberlassenen Unterlagen enthaltene Wissen allgemein bekannt geworden ist.&nbsp;<\/p>\n\n\n\n<p>(2) Vorstehende Bestimmung gilt entsprechend f\u00fcr Stoffe und Materialien (zB&nbsp;Software, Fertig- und Halbfertigprodukte) sowie f\u00fcr Werkzeuge, Vorlagen, Muster und sonstige Gegenst\u00e4nde, die wir dem Verk\u00e4ufer zur Herstellung beistellen. Derartige Gegenst\u00e4nde sind \u2013 solange sie nicht verarbeitet werden \u2013 auf Kosten des Verk\u00e4ufers gesondert zu verwahren und in angemessenem Umfang gegen Zerst\u00f6rung und Verlust zu versichern.&nbsp;<\/p>\n\n\n\n<p>(3) Eine Verarbeitung, Vermischung oder Verbindung (Weiterverarbeitung) von beigestellten Gegenst\u00e4nden durch den Verk\u00e4ufer wird f\u00fcr uns vorgenommen. Das gleiche gilt bei Weiterverarbeitung der gelieferten Ware durch uns, so dass wir als Hersteller gelten und sp\u00e4testens mit der Weiterverarbeitung nach Ma\u00dfgabe der gesetzlichen Vorschriften Eigentum am Produkt erwerben.&nbsp;<\/p>\n\n\n\n<p>(4) Die \u00dcbereignung der Ware auf uns hat unbedingt und ohne R\u00fccksicht auf die Zahlung des Preises zu erfolgen. Nehmen wir jedoch im Einzelfall ein durch die Kaufpreiszahlung bedingtes Angebot des Verk\u00e4ufers auf \u00dcbereignung an, erlischt der Eigentumsvorbehalt des Verk\u00e4ufers sp\u00e4testens mit Kaufpreiszahlung f\u00fcr die gelieferte Ware. Wir bleiben im ordnungsgem\u00e4\u00dfen Gesch\u00e4ftsgang auch vor Kaufpreiszahlung zur Weiterver\u00e4u\u00dferung der Ware unter Vorausabtretung der hieraus entstehenden Forderung erm\u00e4chtigt (hilfsweise Geltung des einfachen und auf den Weiterverkauf verl\u00e4ngerten Eigentumsvorbehalts). Ausgeschlossen sind damit jedenfalls alle sonstigen Formen des Eigentumsvorbehalts, insbesondere der erweiterte, der weitergeleitete und der auf die Weiterverarbeitung verl\u00e4ngerte Eigentumsvorbehalt.&nbsp;<\/p>\n\n\n\n<p><strong>\u00a7\u202f7 Mangelhafte Lieferung<\/strong>&nbsp;<\/p>\n\n\n\n<p>(1) F\u00fcr unsere Rechte bei Sach- und Rechtsm\u00e4ngeln der Ware (einschlie\u00dflich Falsch- und Minderlieferung sowie unsachgem\u00e4\u00dfer Montage, mangelhafter Montage-, Betriebs- oder Bedienungsanleitung) und bei sonstigen Pflichtverletzungen durch den Verk\u00e4ufer gelten die gesetzlichen Vorschriften, soweit nachfolgend nichts&nbsp;anderes&nbsp;bestimmt ist.&nbsp;<\/p>\n\n\n\n<p>(2) Nach den gesetzlichen Vorschriften haftet der Verk\u00e4ufer insbesondere daf\u00fcr, dass die Ware bei Gefahr\u00fcbergang auf uns die vereinbarte Beschaffenheit hat. Als Vereinbarung \u00fcber die Beschaffenheit gelten jedenfalls diejenigen Produktbeschreibungen, die \u2013 insbesondere durch Bezeichnung oder Bezugnahme in unserer Bestellung \u2013 Gegenstand des jeweiligen Vertrages sind oder in gleicher Weise wie diese AEB in den Vertrag einbezogen wurden. Es macht dabei keinen Unterschied, ob die Produktbeschreibung von uns, vom Verk\u00e4ufer oder vom Hersteller stammt.&nbsp;<\/p>\n\n\n\n<p>(3) Abweichend von \u00a7\u202f442 Abs.\u202f1 S.\u202f2 BGB stehen uns M\u00e4ngelanspr\u00fcche uneingeschr\u00e4nkt auch dann zu, wenn uns der Mangel bei Vertragsschluss infolge grober Fahrl\u00e4ssigkeit unbekannt geblieben ist.&nbsp;<\/p>\n\n\n\n<p>(4) F\u00fcr die kaufm\u00e4nnische Untersuchungs- und R\u00fcgepflicht gelten die gesetzlichen Vorschriften (\u00a7\u00a7\u202f377, 381 HGB) mit folgender Ma\u00dfgabe: Unsere Untersuchungspflicht beschr\u00e4nkt sich auf M\u00e4ngel, die bei unserer Wareneingangskontrolle unter \u00e4u\u00dferlicher Begutachtung einschlie\u00dflich der Lieferpapiere\u202foffen zu Tage treten (zB&nbsp;Transportbesch\u00e4digungen, Falsch- und Minderlieferung) oder\u202fbei unserer Qualit\u00e4tskontrolle im Stichprobenverfahren erkennbar sind. Soweit eine Abnahme vereinbart ist, besteht keine Untersuchungspflicht. Im \u00dcbrigen kommt es darauf an, inwieweit eine Untersuchung unter Ber\u00fccksichtigung der Umst\u00e4nde des Einzelfalls nach ordnungsgem\u00e4\u00dfem Gesch\u00e4ftsgang tunlich ist. Unsere R\u00fcgepflicht f\u00fcr sp\u00e4ter entdeckte M\u00e4ngel bleibt unber\u00fchrt.&nbsp;Unbeschadet unserer Untersuchungspflicht gilt unsere R\u00fcge (M\u00e4ngelanzeige) jedenfalls dann\u202fals unverz\u00fcglich und rechtzeitig, wenn sie innerhalb von&nbsp;12&nbsp;Arbeitstagen ab Entdeckung bzw., bei offensichtlichen M\u00e4ngeln, ab Lieferung abgesendet wird.&nbsp;<\/p>\n\n\n\n<p>(5) Zur Nacherf\u00fcllung geh\u00f6rt auch der Ausbau der mangelhaften Ware und der erneute Einbau, sofern die Ware ihrer Art und ihrem&nbsp;Verwendungszweck&nbsp;gem\u00e4\u00df in eine andere Sache eingebaut oder an eine andere Sache angebracht wurde; unser gesetzlicher Anspruch auf Ersatz entsprechender Aufwendungen bleibt unber\u00fchrt.&nbsp;Die zum Zwecke der Pr\u00fcfung und Nacherf\u00fcllung erforderlichen Aufwendungen\u202ftr\u00e4gt der Verk\u00e4ufer auch dann, wenn sich herausstellt, dass tats\u00e4chlich kein Mangel vorlag. Unsere Schadensersatzhaftung bei unberechtigtem M\u00e4ngelbeseitigungsverlangen bleibt unber\u00fchrt; insoweit haften wir jedoch nur, wenn wir erkannt oder grob fahrl\u00e4ssig nicht erkannt haben, dass kein Mangel vorlag.&nbsp;<\/p>\n\n\n\n<p>(6) Unbeschadet unserer gesetzlichen Rechte und der Regelungen in Abs.\u202f5 gilt: Kommt der Verk\u00e4ufer seiner Verpflichtung zur Nacherf\u00fcllung \u2013 nach unserer Wahl durch Beseitigung des Mangels (Nachbesserung) oder durch Lieferung einer mangelfreien Sache (Ersatzlieferung) \u2013 innerhalb einer von uns gesetzten, angemessenen Frist nicht nach, so k\u00f6nnen wir den Mangel selbst beseitigen und vom Verk\u00e4ufer Ersatz der hierf\u00fcr erforderlichen Aufwendungen bzw. einen entsprechenden Vorschuss verlangen. Ist die Nacherf\u00fcllung durch den Verk\u00e4ufer fehlgeschlagen oder f\u00fcr uns unzumutbar (zB&nbsp;wegen besonderer Dringlichkeit, Gef\u00e4hrdung der Betriebssicherheit oder drohendem Eintritt unverh\u00e4ltnism\u00e4\u00dfiger Sch\u00e4den) bedarf es keiner Fristsetzung; von derartigen Umst\u00e4nden werden wir den Verk\u00e4ufer unverz\u00fcglich, nach M\u00f6glichkeit vorher, unterrichten.&nbsp;<\/p>\n\n\n\n<p>(7) Im \u00dcbrigen sind wir bei einem Sach- oder Rechtsmangel nach den gesetzlichen Vorschriften zur Minderung des Kaufpreises oder zum R\u00fccktritt vom Vertrag berechtigt. Au\u00dferdem haben wir nach den gesetzlichen Vorschriften Anspruch auf Schadens- und Aufwendungsersatz.&nbsp;<\/p>\n\n\n\n<p><strong>\u00a7\u202f8 Lieferantenregress<\/strong>&nbsp;<\/p>\n\n\n\n<p>(1) Unsere gesetzlich bestimmten Regressanspr\u00fcche innerhalb einer Lieferkette (Lieferantenregress gem\u00e4\u00df \u00a7\u00a7\u202f445a, 445b, 478 BGB) stehen uns neben den M\u00e4ngelanspr\u00fcchen uneingeschr\u00e4nkt zu. Wir sind insbesondere berechtigt, genau die Art der Nacherf\u00fcllung (Nachbesserung oder Ersatzlieferung) vom Verk\u00e4ufer zu verlangen, die wir unserem Abnehmer im Einzelfall schulden. Unser gesetzliches Wahlrecht (\u00a7\u202f439 Abs.\u202f1 BGB) wird hierdurch nicht eingeschr\u00e4nkt.&nbsp;<\/p>\n\n\n\n<p>(2) Bevor wir einen von unserem Abnehmer geltend gemachten Mangelanspruch (einschlie\u00dflich Aufwendungsersatz gem\u00e4\u00df \u00a7\u00a7\u202f445a Abs.\u202f1, 439 Abs.\u202f2 und 3 BGB) anerkennen oder erf\u00fcllen, werden wir den Verk\u00e4ufer benachrichtigen und unter kurzer Darlegung des Sachverhalts um schriftliche Stellungnahme bitten. Erfolgt\u202feine substantiierte\u202fStellungnahme nicht innerhalb angemessener Frist und wird auch keine einvernehmliche L\u00f6sung herbeigef\u00fchrt, so gilt der von uns tats\u00e4chlich gew\u00e4hrte Mangelanspruch als unserem Abnehmer geschuldet. Dem Verk\u00e4ufer obliegt in diesem Fall der Gegenbeweis.&nbsp;<\/p>\n\n\n\n<p>(3) Unsere Anspr\u00fcche aus Lieferantenregress gelten auch dann, wenn die mangelhafte Ware durch uns oder einen anderen Unternehmer,&nbsp;zB&nbsp;durch Einbau in ein anderes Produkt, weiterverarbeitet wurde.&nbsp;<\/p>\n\n\n\n<p><strong>\u00a7\u202f9 Produzentenhaftung<\/strong>&nbsp;<\/p>\n\n\n\n<p>(1) Ist der Verk\u00e4ufer f\u00fcr einen Produktschaden verantwortlich, hat er uns insoweit von Anspr\u00fcchen Dritter freizustellen, als die Ursache in seinem Herrschafts- und Organisationsbereich gesetzt ist und er im Au\u00dfenverh\u00e4ltnis selbst haftet.&nbsp;<\/p>\n\n\n\n<p>(2) Im Rahmen seiner Freistellungsverpflichtung hat der Verk\u00e4ufer Aufwendungen gem. \u00a7\u00a7\u202f683, 670 BGB zu erstatten, die sich aus oder im Zusammenhang mit einer Inanspruchnahme Dritter einschlie\u00dflich von uns durchgef\u00fchrter R\u00fcckrufaktionen ergeben. \u00dcber Inhalt und Umfang von R\u00fcckrufma\u00dfnahmen werden wir den Verk\u00e4ufer \u2013 soweit m\u00f6glich und zumutbar \u2013 unterrichten und ihm Gelegenheit zur Stellungnahme geben. Weitergehende gesetzliche Anspr\u00fcche bleiben unber\u00fchrt.&nbsp;<\/p>\n\n\n\n<p>(3) Der Verk\u00e4ufer hat eine Produkthaftpflichtversicherung mit einer pauschalen Deckungssumme von mindestens&nbsp;1&nbsp;Mio.&nbsp;EUR pro Personen-\/Sachschaden abzuschlie\u00dfen und zu unterhalten.&nbsp;<\/p>\n\n\n\n<p><strong>\u00a7\u202f10 Verj\u00e4hrung<\/strong>&nbsp;<\/p>\n\n\n\n<p>(1) Die wechselseitigen Anspr\u00fcche der Vertragsparteien verj\u00e4hren nach den gesetzlichen Vorschriften, soweit nachfolgend nichts&nbsp;anderes&nbsp;bestimmt ist.&nbsp;<\/p>\n\n\n\n<p>(2) Abweichend von \u00a7\u202f438 Abs.\u202f1 Nr.\u202f3 BGB betr\u00e4gt die allgemeine Verj\u00e4hrungsfrist f\u00fcr M\u00e4ngelanspr\u00fcche 3\u202fJahre ab Gefahr\u00fcbergang. Soweit eine Abnahme vereinbart ist, beginnt die Verj\u00e4hrung mit der Abnahme. Die 3-j\u00e4hrige Verj\u00e4hrungsfrist gilt entsprechend auch f\u00fcr Anspr\u00fcche aus Rechtsm\u00e4ngeln, wobei die gesetzliche Verj\u00e4hrungsfrist f\u00fcr dingliche Herausgabeanspr\u00fcche Dritter (\u00a7\u202f438 Abs.\u202f1\u202fNr.\u202f1 BGB) unber\u00fchrt bleibt; Anspr\u00fcche aus Rechtsm\u00e4ngeln verj\u00e4hren dar\u00fcber hinaus in keinem Fall, solange der Dritte das Recht \u2013 insbesondere mangels Verj\u00e4hrung \u2013 noch gegen uns geltend machen kann.&nbsp;<\/p>\n\n\n\n<p>(3) Die Verj\u00e4hrungsfristen des Kaufrechts einschlie\u00dflich vorstehender Verl\u00e4ngerung gelten \u2013 im gesetzlichen Umfang \u2013 f\u00fcr alle vertraglichen M\u00e4ngelanspr\u00fcche. Soweit uns wegen eines Mangels auch au\u00dfervertragliche Schadensersatzanspr\u00fcche zustehen, gilt hierf\u00fcr die regelm\u00e4\u00dfige gesetzliche Verj\u00e4hrung (\u00a7\u00a7\u202f195, 199 BGB), wenn nicht die Anwendung der Verj\u00e4hrungsfristen des Kaufrechts im Einzelfall zu einer l\u00e4ngeren Verj\u00e4hrungsfrist f\u00fchrt.&nbsp;<\/p>\n\n\n\n<p><strong>\u00a7\u202f11 Rechtswahl und Gerichtsstand<\/strong>&nbsp;<\/p>\n\n\n\n<p>(1) F\u00fcr diese AEB und die Vertragsbeziehung zwischen uns und dem Verk\u00e4ufer gilt das Recht der Bundesrepublik Deutschland unter Ausschluss internationalen Einheitsrechts, insbesondere des UN-Kaufrechts.&nbsp;<\/p>\n\n\n\n<p>(2) Ist der Verk\u00e4ufer Kaufmann&nbsp;iSd&nbsp;Handelsgesetzbuchs, juristische Person des \u00f6ffentlichen Rechts oder ein \u00f6ffentlich-rechtliches Sonderverm\u00f6gen, ist ausschlie\u00dflicher \u2013 auch internationaler \u2013 Gerichtsstand f\u00fcr alle sich aus dem Vertragsverh\u00e4ltnis ergebenden Streitigkeiten unsere&nbsp;Gesch\u00e4ftssitze&nbsp;in&nbsp;Krefeld f\u00fcr die NOVA Coating Nord GmbH und in&nbsp;Welden&nbsp;f\u00fcr die NOVA Coating S\u00fcd GmbH.&nbsp;Entsprechendes gilt, wenn der Verk\u00e4ufer Unternehmer&nbsp;iSv&nbsp;\u00a7\u202f14 BGB ist. Wir sind jedoch in allen F\u00e4llen auch berechtigt, Klage am Erf\u00fcllungsort der Lieferverpflichtung gem\u00e4\u00df diesen AEB bzw. einer vorrangigen Individualabrede oder am allgemeinen Gerichtsstand des Verk\u00e4ufers zu erheben. Vorrangige gesetzliche Vorschriften, insbesondere zu ausschlie\u00dflichen Zust\u00e4ndigkeiten, bleiben unber\u00fchrt.&nbsp;<\/p>","protected":false},"excerpt":{"rendered":"<p>Allgemeine Einkaufsbedingungen&nbsp; \u00a7\u202f1\u202fGeltungsbereich, Form&nbsp; (1) Die vorliegenden Allgemeinen Einkaufsbedingungen (AEB) gelten f\u00fcr alle&nbsp;Gesch\u00e4ftsbeziehungen mit den&nbsp;Gesch\u00e4ftspartnern und Lieferanten (\u201eVerk\u00e4ufer\u201c)&nbsp;der NOVA Coating Nord GmbH und der NOVA Coating S\u00fcd GmbH. Die AEB gelten nur, wenn der Verk\u00e4ufer Unternehmer (\u00a7\u202f14 BGB), eine juristische Person des \u00f6ffentlichen Rechts oder ein \u00f6ffentlich-rechtliches Sonderverm\u00f6gen ist.&nbsp; (2) Die AEB gelten insbesondere f\u00fcr&hellip;<\/p>","protected":false},"author":1,"featured_media":0,"parent":0,"menu_order":21,"comment_status":"closed","ping_status":"closed","template":"","meta":{"footnotes":""},"class_list":["post-2280","page","type-page","status-publish","hentry","description-off"],"_links":{"self":[{"href":"https:\/\/nova-coating.de\/en\/wp-json\/wp\/v2\/pages\/2280","targetHints":{"allow":["GET"]}}],"collection":[{"href":"https:\/\/nova-coating.de\/en\/wp-json\/wp\/v2\/pages"}],"about":[{"href":"https:\/\/nova-coating.de\/en\/wp-json\/wp\/v2\/types\/page"}],"author":[{"embeddable":true,"href":"https:\/\/nova-coating.de\/en\/wp-json\/wp\/v2\/users\/1"}],"replies":[{"embeddable":true,"href":"https:\/\/nova-coating.de\/en\/wp-json\/wp\/v2\/comments?post=2280"}],"version-history":[{"count":8,"href":"https:\/\/nova-coating.de\/en\/wp-json\/wp\/v2\/pages\/2280\/revisions"}],"predecessor-version":[{"id":2850,"href":"https:\/\/nova-coating.de\/en\/wp-json\/wp\/v2\/pages\/2280\/revisions\/2850"}],"wp:attachment":[{"href":"https:\/\/nova-coating.de\/en\/wp-json\/wp\/v2\/media?parent=2280"}],"curies":[{"name":"wp","href":"https:\/\/api.w.org\/{rel}","templated":true}]}}